{"id":6538,"date":"2010-11-25T12:29:46","date_gmt":"2010-11-25T11:29:46","guid":{"rendered":"http:\/\/www.fjs1970.se\/?page_id=6538"},"modified":"2013-11-06T18:00:57","modified_gmt":"2013-11-06T17:00:57","slug":"ssg","status":"publish","type":"page","link":"https:\/\/www.fjs1970.se\/?page_id=6538","title":{"rendered":"Specialf\u00f6rband"},"content":{"rendered":"<p><img loading=\"lazy\" decoding=\"async\" title=\"m\u00e4rket \u00f6rnen\" alt=\"\" src=\"http:\/\/www.fjs1970.se\/wp-content\/uploads\/2009\/12\/fjs_m601.jpg\" width=\"76\" height=\"44\" \/><\/p>\n<p><span style=\"color: #deb786;\">.<\/span><\/p>\n<h5 style=\"text-align: center;\"><span style=\"color: #deb786;\"><span style=\"color: #000000;\">L\u00e4nk till f\u00f6rsvarets information om <a title=\"Specialf\u00f6rband\" href=\"http:\/\/www.forsvarsmakten.se\/sv\/var-verksamhet\/verksamhetsomraden\/specialforband\/\" target=\"_blank\">Specialf\u00f6rbanden<\/a><\/span><\/span><\/h5>\n<h5 style=\"text-align: center;\">L\u00e4nk till information om <a title=\"SOG\" href=\"http:\/\/sv.wikipedia.org\/wiki\/S\u00e4rskilda_operationsgruppen\" target=\"_blank\">SOG<\/a> p\u00e5 Wikipedia<\/h5>\n<h1 style=\"text-align: center;\">\u25ca<\/h1>\n","protected":false},"excerpt":{"rendered":"<p>. L\u00e4nk till f\u00f6rsvarets information om Specialf\u00f6rbanden L\u00e4nk till information om SOG p\u00e5 Wikipedia \u25ca<\/p>\n","protected":false},"author":1,"featured_media":0,"parent":5927,"menu_order":7,"comment_status":"closed","ping_status":"closed","template":"","meta":{"footnotes":""},"class_list":["post-6538","page","type-page","status-publish","hentry"],"_links":{"self":[{"href":"https:\/\/www.fjs1970.se\/index.php?rest_route=\/wp\/v2\/pages\/6538","targetHints":{"allow":["GET"]}}],"collection":[{"href":"https:\/\/www.fjs1970.se\/index.php?rest_route=\/wp\/v2\/pages"}],"about":[{"href":"https:\/\/www.fjs1970.se\/index.php?rest_route=\/wp\/v2\/types\/page"}],"author":[{"embeddable":true,"href":"https:\/\/www.fjs1970.se\/index.php?rest_route=\/wp\/v2\/users\/1"}],"replies":[{"embeddable":true,"href":"https:\/\/www.fjs1970.se\/index.php?rest_route=%2Fwp%2Fv2%2Fcomments&post=6538"}],"version-history":[{"count":16,"href":"https:\/\/www.fjs1970.se\/index.php?rest_route=\/wp\/v2\/pages\/6538\/revisions"}],"predecessor-version":[{"id":12060,"href":"https:\/\/www.fjs1970.se\/index.php?rest_route=\/wp\/v2\/pages\/6538\/revisions\/12060"}],"up":[{"embeddable":true,"href":"https:\/\/www.fjs1970.se\/index.php?rest_route=\/wp\/v2\/pages\/5927"}],"wp:attachment":[{"href":"https:\/\/www.fjs1970.se\/index.php?rest_route=%2Fwp%2Fv2%2Fmedia&parent=6538"}],"curies":[{"name":"wp","href":"https:\/\/api.w.org\/{rel}","templated":true}]}}