{"id":641,"date":"2009-12-27T07:22:02","date_gmt":"2009-12-27T06:22:02","guid":{"rendered":"http:\/\/www.fjs1970.se\/?page_id=641"},"modified":"2013-11-06T17:41:30","modified_gmt":"2013-11-06T16:41:30","slug":"om-sajten","status":"publish","type":"page","link":"https:\/\/www.fjs1970.se\/?page_id=641","title":{"rendered":"Om sajten"},"content":{"rendered":"<p><strong><img loading=\"lazy\" decoding=\"async\" class=\"alignnone size-full wp-image-802\" title=\"m\u00e4rket \u00f6rnen\" alt=\"\" src=\"http:\/\/www.fjs1970.se\/wp-content\/uploads\/2009\/12\/fjs_m601.jpg\" width=\"65\" height=\"38\" \/> <\/strong><\/p>\n<p><span style=\"color: #e1c8a2;\">.<\/span><\/p>\n<p><span style=\"color: #e1c8a2;\">.<\/span><\/p>\n<h5 style=\"text-align: center;\">-Fallsk\u00e4rmsj\u00e4gare \u00e5rg\u00e5ng 1970\/71-<\/h5>\n<p style=\"text-align: center;\"><span style=\"color: #eacfae;\">.<\/span><\/p>\n<p><strong>Sajten\u00a0\u00e4r en m\u00f6tesplats\u00a0f\u00f6r FJS \u00e5rskurs 1970\/71. <\/strong><strong>H\u00e4r\u00a0samlar vi fakta, ber\u00e4ttelser och\u00a0bilder fr\u00e5n tiden vid FJS.\u00a0Tillsammans<\/strong><strong> skapar\u00a0vi en plattform och fr\u00e4mjar framtida m\u00f6ten mellan oss.<\/strong><\/p>\n<p><strong>Teckningarna \u00e4r\u00a0h\u00e4mtade ur tidningen \u00d6rnen och\u00a0gjorda av 218 Nils Johansson. Upphovsm\u00e4nnen till bilderna \u00e4r oftast ok\u00e4nda men f\u00f6rhoppningsvis glada\u00a0\u00e5t att se sina\u00a0alster publicerade p\u00e5 sajten.<\/strong><\/p>\n<p><strong><span style=\"color: #e6d0b1;\">.<\/span><\/strong><\/p>\n<p>&nbsp;<\/p>\n<p><strong>Ett\u00a0varmt tack till Carl, Fia och Jocke f\u00f6r smarta tips n\u00e4r sajten skapades.<\/strong><\/p>\n<p><strong><span style=\"color: #e6d0b1;\">.<\/span><\/strong><\/p>\n<p><strong><\/strong><strong>Bohusl\u00e4n i januari 2010<\/strong><\/p>\n<p><strong>Svante Larsson (201)<\/strong><\/p>\n<p><strong><span style=\"color: #e6d0b1;\">.<\/span><\/strong><\/p>\n<p>&nbsp;<\/p>\n<h1 style=\"text-align: center;\">\u25ca<\/h1>\n","protected":false},"excerpt":{"rendered":"<p>. . -Fallsk\u00e4rmsj\u00e4gare \u00e5rg\u00e5ng 1970\/71- . Sajten\u00a0\u00e4r en m\u00f6tesplats\u00a0f\u00f6r FJS \u00e5rskurs 1970\/71. H\u00e4r\u00a0samlar vi fakta, ber\u00e4ttelser och\u00a0bilder fr\u00e5n tiden vid FJS.\u00a0Tillsammans skapar\u00a0vi en plattform och fr\u00e4mjar framtida m\u00f6ten mellan oss. Teckningarna \u00e4r\u00a0h\u00e4mtade ur tidningen \u00d6rnen och\u00a0gjorda av 218 Nils Johansson. Upphovsm\u00e4nnen till bilderna \u00e4r oftast ok\u00e4nda men f\u00f6rhoppningsvis glada\u00a0\u00e5t att se sina\u00a0alster publicerade p\u00e5 sajten. [&hellip;]<\/p>\n","protected":false},"author":1,"featured_media":0,"parent":0,"menu_order":1,"comment_status":"closed","ping_status":"closed","template":"","meta":{"footnotes":""},"class_list":["post-641","page","type-page","status-publish","hentry"],"_links":{"self":[{"href":"https:\/\/www.fjs1970.se\/index.php?rest_route=\/wp\/v2\/pages\/641","targetHints":{"allow":["GET"]}}],"collection":[{"href":"https:\/\/www.fjs1970.se\/index.php?rest_route=\/wp\/v2\/pages"}],"about":[{"href":"https:\/\/www.fjs1970.se\/index.php?rest_route=\/wp\/v2\/types\/page"}],"author":[{"embeddable":true,"href":"https:\/\/www.fjs1970.se\/index.php?rest_route=\/wp\/v2\/users\/1"}],"replies":[{"embeddable":true,"href":"https:\/\/www.fjs1970.se\/index.php?rest_route=%2Fwp%2Fv2%2Fcomments&post=641"}],"version-history":[{"count":143,"href":"https:\/\/www.fjs1970.se\/index.php?rest_route=\/wp\/v2\/pages\/641\/revisions"}],"predecessor-version":[{"id":12126,"href":"https:\/\/www.fjs1970.se\/index.php?rest_route=\/wp\/v2\/pages\/641\/revisions\/12126"}],"wp:attachment":[{"href":"https:\/\/www.fjs1970.se\/index.php?rest_route=%2Fwp%2Fv2%2Fmedia&parent=641"}],"curies":[{"name":"wp","href":"https:\/\/api.w.org\/{rel}","templated":true}]}}