{"id":6336,"date":"2010-11-23T20:20:56","date_gmt":"2010-11-23T19:20:56","guid":{"rendered":"http:\/\/www.fjs1970.se\/?page_id=6336"},"modified":"2010-11-23T20:20:56","modified_gmt":"2010-11-23T19:20:56","slug":"hopplistor","status":"publish","type":"page","link":"https:\/\/www.fjs1970.se\/?page_id=6336","title":{"rendered":"Hopplistor"},"content":{"rendered":"<p><img loading=\"lazy\" decoding=\"async\" class=\"alignnone size-full wp-image-802\" title=\"m\u00e4rket \u00f6rnen\" src=\"http:\/\/www.fjs1970.se\/wp-content\/uploads\/2009\/12\/fjs_m601.jpg\" alt=\"\" width=\"65\" height=\"38\" \/><\/p>\n<p><span style=\"color: #e3c495;\">.<\/span><\/p>\n<h5 style=\"text-align: center;\">\u00d6rnhopp den 1 september 1970<\/h5>\n<p><span style=\"color: #e3c495;\">.<\/span><\/p>\n<p style=\"text-align: center;\"><img loading=\"lazy\" decoding=\"async\" class=\"size-full wp-image-6335 aligncenter\" title=\"\u00d6rnhopp Hopplista\" src=\"http:\/\/www.fjs1970.se\/wp-content\/uploads\/2010\/11\/92.jpg\" alt=\"\" width=\"510\" height=\"794\" srcset=\"https:\/\/www.fjs1970.se\/wp-content\/uploads\/2010\/11\/92.jpg 510w, https:\/\/www.fjs1970.se\/wp-content\/uploads\/2010\/11\/92-192x300.jpg 192w\" sizes=\"auto, (max-width: 510px) 100vw, 510px\" \/><\/p>\n<p><span style=\"color: #e3c495;\">.<\/span><\/p>\n<p style=\"text-align: center;\"><img loading=\"lazy\" decoding=\"async\" class=\"size-full wp-image-6334 aligncenter\" title=\"\u00d6rnhopp Hopplista\" src=\"http:\/\/www.fjs1970.se\/wp-content\/uploads\/2010\/11\/91.jpg\" alt=\"\" width=\"511\" height=\"796\" srcset=\"https:\/\/www.fjs1970.se\/wp-content\/uploads\/2010\/11\/91.jpg 511w, https:\/\/www.fjs1970.se\/wp-content\/uploads\/2010\/11\/91-192x300.jpg 192w\" sizes=\"auto, (max-width: 511px) 100vw, 511px\" \/><\/p>\n<p><span style=\"color: #e3c495;\">.<\/span><\/p>\n<p style=\"text-align: center;\"><img loading=\"lazy\" decoding=\"async\" class=\"size-full wp-image-6333 aligncenter\" title=\"\u00d6rnhopp Hopplista\" src=\"http:\/\/www.fjs1970.se\/wp-content\/uploads\/2010\/11\/9.jpg\" alt=\"\" width=\"514\" height=\"796\" srcset=\"https:\/\/www.fjs1970.se\/wp-content\/uploads\/2010\/11\/9.jpg 514w, https:\/\/www.fjs1970.se\/wp-content\/uploads\/2010\/11\/9-193x300.jpg 193w\" sizes=\"auto, (max-width: 514px) 100vw, 514px\" \/><\/p>\n<p><span style=\"color: #e3c495;\">.<\/span><\/p>\n<p><span style=\"color: #e3c495;\">.<\/span><\/p>\n<h5 style=\"text-align: center;\"><span style=\"color: #e3c495;\"><span style=\"color: #000000;\"><span style=\"text-decoration: underline;\">N\u00e5gra \u00f6vriga hopplistor<\/span><\/span><\/span><\/h5>\n<p><span style=\"color: #e3c495;\"><span style=\"color: #e5cb9d;\">.<\/span><\/span><\/p>\n<p style=\"text-align: center;\"><img loading=\"lazy\" decoding=\"async\" class=\"size-full wp-image-6367 aligncenter\" title=\"9\" src=\"http:\/\/www.fjs1970.se\/wp-content\/uploads\/2010\/11\/93.jpg\" alt=\"\" width=\"511\" height=\"792\" srcset=\"https:\/\/www.fjs1970.se\/wp-content\/uploads\/2010\/11\/93.jpg 511w, https:\/\/www.fjs1970.se\/wp-content\/uploads\/2010\/11\/93-193x300.jpg 193w\" sizes=\"auto, (max-width: 511px) 100vw, 511px\" \/><\/p>\n<p><span style=\"color: #e3c495;\"><span style=\"color: #e5cb9d;\">.<\/span><\/span><\/p>\n<p style=\"text-align: center;\"><span style=\"color: #e3c495;\"><span style=\"color: #000000;\"><img loading=\"lazy\" decoding=\"async\" class=\"size-full wp-image-6369 aligncenter\" title=\"9\" src=\"http:\/\/www.fjs1970.se\/wp-content\/uploads\/2010\/11\/95.jpg\" alt=\"\" width=\"498\" height=\"792\" srcset=\"https:\/\/www.fjs1970.se\/wp-content\/uploads\/2010\/11\/95.jpg 498w, https:\/\/www.fjs1970.se\/wp-content\/uploads\/2010\/11\/95-188x300.jpg 188w\" sizes=\"auto, (max-width: 498px) 100vw, 498px\" \/><\/span><\/span><\/p>\n<p><span style=\"color: #e5cb9d;\">.<\/span><\/p>\n<p style=\"text-align: center;\"><img loading=\"lazy\" decoding=\"async\" class=\"size-full wp-image-6368 aligncenter\" title=\"9\" src=\"http:\/\/www.fjs1970.se\/wp-content\/uploads\/2010\/11\/94.jpg\" alt=\"\" width=\"503\" height=\"797\" srcset=\"https:\/\/www.fjs1970.se\/wp-content\/uploads\/2010\/11\/94.jpg 503w, https:\/\/www.fjs1970.se\/wp-content\/uploads\/2010\/11\/94-189x300.jpg 189w\" sizes=\"auto, (max-width: 503px) 100vw, 503px\" \/><\/p>\n<p><span style=\"color: #e5cb9d;\">.<\/span><\/p>\n<h1 style=\"text-align: center;\"><span style=\"font-size: small;\"><span style=\"font-weight: normal;\"> <\/span><\/span><\/h1>\n<h1 style=\"text-align: center;\">\u25ca<\/h1>\n","protected":false},"excerpt":{"rendered":"<p>. \u00d6rnhopp den 1 september 1970 . . . . . N\u00e5gra \u00f6vriga hopplistor . . . . \u25ca<\/p>\n","protected":false},"author":1,"featured_media":0,"parent":2,"menu_order":6,"comment_status":"closed","ping_status":"closed","template":"","meta":{"footnotes":""},"class_list":["post-6336","page","type-page","status-publish","hentry"],"_links":{"self":[{"href":"https:\/\/www.fjs1970.se\/index.php?rest_route=\/wp\/v2\/pages\/6336","targetHints":{"allow":["GET"]}}],"collection":[{"href":"https:\/\/www.fjs1970.se\/index.php?rest_route=\/wp\/v2\/pages"}],"about":[{"href":"https:\/\/www.fjs1970.se\/index.php?rest_route=\/wp\/v2\/types\/page"}],"author":[{"embeddable":true,"href":"https:\/\/www.fjs1970.se\/index.php?rest_route=\/wp\/v2\/users\/1"}],"replies":[{"embeddable":true,"href":"https:\/\/www.fjs1970.se\/index.php?rest_route=%2Fwp%2Fv2%2Fcomments&post=6336"}],"version-history":[{"count":16,"href":"https:\/\/www.fjs1970.se\/index.php?rest_route=\/wp\/v2\/pages\/6336\/revisions"}],"predecessor-version":[{"id":6512,"href":"https:\/\/www.fjs1970.se\/index.php?rest_route=\/wp\/v2\/pages\/6336\/revisions\/6512"}],"up":[{"embeddable":true,"href":"https:\/\/www.fjs1970.se\/index.php?rest_route=\/wp\/v2\/pages\/2"}],"wp:attachment":[{"href":"https:\/\/www.fjs1970.se\/index.php?rest_route=%2Fwp%2Fv2%2Fmedia&parent=6336"}],"curies":[{"name":"wp","href":"https:\/\/api.w.org\/{rel}","templated":true}]}}