{"id":4850,"date":"2010-05-30T18:35:32","date_gmt":"2010-05-30T16:35:32","guid":{"rendered":"http:\/\/www.fjs1970.se\/?page_id=4850"},"modified":"2010-11-15T13:35:07","modified_gmt":"2010-11-15T12:35:07","slug":"fjs-dag-pa-lordagen","status":"publish","type":"page","link":"https:\/\/www.fjs1970.se\/?page_id=4850","title":{"rendered":"FJS-dag p\u00e5 l\u00f6rdagen"},"content":{"rendered":"<div><strong><\/p>\n<div id=\"attachment_5104\" style=\"width: 650px\" class=\"wp-caption alignnone\"><img loading=\"lazy\" decoding=\"async\" aria-describedby=\"caption-attachment-5104\" class=\"size-full wp-image-5104\" title=\"FJS GU 70-71 40 \u00e5r 016\" src=\"http:\/\/www.fjs1970.se\/wp-content\/uploads\/2010\/05\/FJS-GU-70-71-40-\u00e5r-016.jpg\" alt=\"\" width=\"640\" height=\"326\" srcset=\"https:\/\/www.fjs1970.se\/wp-content\/uploads\/2010\/05\/FJS-GU-70-71-40-\u00e5r-016.jpg 640w, https:\/\/www.fjs1970.se\/wp-content\/uploads\/2010\/05\/FJS-GU-70-71-40-\u00e5r-016-300x152.jpg 300w\" sizes=\"auto, (max-width: 640px) 100vw, 640px\" \/><p id=\"caption-attachment-5104\" class=\"wp-caption-text\">Samling i Gamla l\u00e4gret med uppst\u00e4llning och samkv\u00e4m.<\/p><\/div>\n<p><\/strong><strong> <\/strong><\/p>\n<p><strong> <\/strong><\/p>\n<p style=\"text-align: left;\">\n\n\t\t<style type=\"text\/css\">\n\t\t\t#gallery-1 {\n\t\t\t\tmargin: auto;\n\t\t\t}\n\t\t\t#gallery-1 .gallery-item {\n\t\t\t\tfloat: left;\n\t\t\t\tmargin-top: 10px;\n\t\t\t\ttext-align: center;\n\t\t\t\twidth: 25%;\n\t\t\t}\n\t\t\t#gallery-1 img {\n\t\t\t\tborder: 2px solid #cfcfcf;\n\t\t\t}\n\t\t\t#gallery-1 .gallery-caption {\n\t\t\t\tmargin-left: 0;\n\t\t\t}\n\t\t\t\/* see gallery_shortcode() in wp-includes\/media.php *\/\n\t\t<\/style>\n\t\t<div id='gallery-1' class='gallery galleryid-4850 gallery-columns-4 gallery-size-thumbnail'><dl class='gallery-item'>\n\t\t\t<dt class='gallery-icon landscape'>\n\t\t\t\t<a href='https:\/\/www.fjs1970.se\/wp-content\/uploads\/2010\/05\/P1120572.jpg'><img loading=\"lazy\" decoding=\"async\" width=\"150\" height=\"150\" src=\"https:\/\/www.fjs1970.se\/wp-content\/uploads\/2010\/05\/P1120572-150x150.jpg\" class=\"attachment-thumbnail size-thumbnail\" alt=\"\" \/><\/a>\n\t\t\t<\/dt><\/dl><dl class='gallery-item'>\n\t\t\t<dt class='gallery-icon landscape'>\n\t\t\t\t<a href='https:\/\/www.fjs1970.se\/wp-content\/uploads\/2010\/05\/P1120573.jpg'><img loading=\"lazy\" decoding=\"async\" width=\"150\" height=\"150\" src=\"https:\/\/www.fjs1970.se\/wp-content\/uploads\/2010\/05\/P1120573-150x150.jpg\" class=\"attachment-thumbnail size-thumbnail\" alt=\"\" \/><\/a>\n\t\t\t<\/dt><\/dl><dl class='gallery-item'>\n\t\t\t<dt class='gallery-icon landscape'>\n\t\t\t\t<a href='https:\/\/www.fjs1970.se\/wp-content\/uploads\/2010\/05\/P1120574.jpg'><img loading=\"lazy\" decoding=\"async\" width=\"150\" height=\"150\" src=\"https:\/\/www.fjs1970.se\/wp-content\/uploads\/2010\/05\/P1120574-150x150.jpg\" class=\"attachment-thumbnail size-thumbnail\" alt=\"\" \/><\/a>\n\t\t\t<\/dt><\/dl><dl class='gallery-item'>\n\t\t\t<dt class='gallery-icon landscape'>\n\t\t\t\t<a href='https:\/\/www.fjs1970.se\/wp-content\/uploads\/2010\/05\/P1120575.jpg'><img loading=\"lazy\" decoding=\"async\" width=\"150\" height=\"150\" src=\"https:\/\/www.fjs1970.se\/wp-content\/uploads\/2010\/05\/P1120575-150x150.jpg\" class=\"attachment-thumbnail size-thumbnail\" alt=\"\" \/><\/a>\n\t\t\t<\/dt><\/dl><br style=\"clear: both\" \/><dl class='gallery-item'>\n\t\t\t<dt class='gallery-icon landscape'>\n\t\t\t\t<a href='https:\/\/www.fjs1970.se\/wp-content\/uploads\/2010\/05\/P1120576.jpg'><img loading=\"lazy\" decoding=\"async\" width=\"150\" height=\"150\" src=\"https:\/\/www.fjs1970.se\/wp-content\/uploads\/2010\/05\/P1120576-150x150.jpg\" class=\"attachment-thumbnail size-thumbnail\" alt=\"\" \/><\/a>\n\t\t\t<\/dt><\/dl><dl class='gallery-item'>\n\t\t\t<dt class='gallery-icon portrait'>\n\t\t\t\t<a href='https:\/\/www.fjs1970.se\/wp-content\/uploads\/2010\/05\/P1120582.jpg'><img loading=\"lazy\" decoding=\"async\" width=\"150\" height=\"150\" src=\"https:\/\/www.fjs1970.se\/wp-content\/uploads\/2010\/05\/P1120582-150x150.jpg\" class=\"attachment-thumbnail size-thumbnail\" alt=\"\" \/><\/a>\n\t\t\t<\/dt><\/dl><dl class='gallery-item'>\n\t\t\t<dt class='gallery-icon landscape'>\n\t\t\t\t<a href='https:\/\/www.fjs1970.se\/wp-content\/uploads\/2010\/05\/FJS-GU-70-71-40-\u00e5r-015.jpg'><img loading=\"lazy\" decoding=\"async\" width=\"150\" height=\"150\" src=\"https:\/\/www.fjs1970.se\/wp-content\/uploads\/2010\/05\/FJS-GU-70-71-40-\u00e5r-015-150x150.jpg\" class=\"attachment-thumbnail size-thumbnail\" alt=\"\" \/><\/a>\n\t\t\t<\/dt><\/dl><dl class='gallery-item'>\n\t\t\t<dt class='gallery-icon landscape'>\n\t\t\t\t<a href='https:\/\/www.fjs1970.se\/wp-content\/uploads\/2010\/05\/FJS-GU-70-71-40-\u00e5r-014.jpg'><img loading=\"lazy\" decoding=\"async\" width=\"150\" height=\"150\" src=\"https:\/\/www.fjs1970.se\/wp-content\/uploads\/2010\/05\/FJS-GU-70-71-40-\u00e5r-014-150x150.jpg\" class=\"attachment-thumbnail size-thumbnail\" alt=\"\" \/><\/a>\n\t\t\t<\/dt><\/dl><br style=\"clear: both\" \/><dl class='gallery-item'>\n\t\t\t<dt class='gallery-icon landscape'>\n\t\t\t\t<a href='https:\/\/www.fjs1970.se\/wp-content\/uploads\/2010\/05\/FJS-GU-70-71-40-\u00e5r-013.jpg'><img loading=\"lazy\" decoding=\"async\" width=\"150\" height=\"150\" src=\"https:\/\/www.fjs1970.se\/wp-content\/uploads\/2010\/05\/FJS-GU-70-71-40-\u00e5r-013-150x150.jpg\" class=\"attachment-thumbnail size-thumbnail\" alt=\"\" \/><\/a>\n\t\t\t<\/dt><\/dl><dl class='gallery-item'>\n\t\t\t<dt class='gallery-icon landscape'>\n\t\t\t\t<a href='https:\/\/www.fjs1970.se\/wp-content\/uploads\/2010\/05\/FJS-GU-70-71-40-\u00e5r-012.jpg'><img loading=\"lazy\" decoding=\"async\" width=\"150\" height=\"150\" src=\"https:\/\/www.fjs1970.se\/wp-content\/uploads\/2010\/05\/FJS-GU-70-71-40-\u00e5r-012-150x150.jpg\" class=\"attachment-thumbnail size-thumbnail\" alt=\"\" \/><\/a>\n\t\t\t<\/dt><\/dl><dl class='gallery-item'>\n\t\t\t<dt class='gallery-icon landscape'>\n\t\t\t\t<a href='https:\/\/www.fjs1970.se\/wp-content\/uploads\/2010\/05\/Gruppbild_2010_c_liten1.jpg'><img loading=\"lazy\" decoding=\"async\" width=\"150\" height=\"150\" src=\"https:\/\/www.fjs1970.se\/wp-content\/uploads\/2010\/05\/Gruppbild_2010_c_liten1-150x150.jpg\" class=\"attachment-thumbnail size-thumbnail\" alt=\"\" \/><\/a>\n\t\t\t<\/dt><\/dl><dl class='gallery-item'>\n\t\t\t<dt class='gallery-icon landscape'>\n\t\t\t\t<a href='https:\/\/www.fjs1970.se\/wp-content\/uploads\/2010\/05\/Musikk\u00e5r-fr\u00e5n-cockpit-DC3.jpg'><img loading=\"lazy\" decoding=\"async\" width=\"150\" height=\"150\" src=\"https:\/\/www.fjs1970.se\/wp-content\/uploads\/2010\/05\/Musikk\u00e5r-fr\u00e5n-cockpit-DC3-150x150.jpg\" class=\"attachment-thumbnail size-thumbnail\" alt=\"\" \/><\/a>\n\t\t\t<\/dt><\/dl><br style=\"clear: both\" \/><dl class='gallery-item'>\n\t\t\t<dt class='gallery-icon landscape'>\n\t\t\t\t<a href='https:\/\/www.fjs1970.se\/wp-content\/uploads\/2010\/05\/DSC00133.jpg'><img loading=\"lazy\" decoding=\"async\" width=\"150\" height=\"150\" src=\"https:\/\/www.fjs1970.se\/wp-content\/uploads\/2010\/05\/DSC00133-150x150.jpg\" class=\"attachment-thumbnail size-thumbnail\" alt=\"\" \/><\/a>\n\t\t\t<\/dt><\/dl><dl class='gallery-item'>\n\t\t\t<dt class='gallery-icon landscape'>\n\t\t\t\t<a href='https:\/\/www.fjs1970.se\/wp-content\/uploads\/2010\/05\/DSC00124.jpg'><img loading=\"lazy\" decoding=\"async\" width=\"150\" height=\"150\" src=\"https:\/\/www.fjs1970.se\/wp-content\/uploads\/2010\/05\/DSC00124-150x150.jpg\" class=\"attachment-thumbnail size-thumbnail\" alt=\"\" \/><\/a>\n\t\t\t<\/dt><\/dl><dl class='gallery-item'>\n\t\t\t<dt class='gallery-icon landscape'>\n\t\t\t\t<a href='https:\/\/www.fjs1970.se\/wp-content\/uploads\/2010\/05\/DSC00126.jpg'><img loading=\"lazy\" decoding=\"async\" width=\"150\" height=\"150\" src=\"https:\/\/www.fjs1970.se\/wp-content\/uploads\/2010\/05\/DSC00126-150x150.jpg\" class=\"attachment-thumbnail size-thumbnail\" alt=\"\" \/><\/a>\n\t\t\t<\/dt><\/dl><dl class='gallery-item'>\n\t\t\t<dt class='gallery-icon portrait'>\n\t\t\t\t<a href='https:\/\/www.fjs1970.se\/wp-content\/uploads\/2010\/05\/Signering_tavla_.jpg'><img loading=\"lazy\" decoding=\"async\" width=\"150\" height=\"150\" src=\"https:\/\/www.fjs1970.se\/wp-content\/uploads\/2010\/05\/Signering_tavla_-150x150.jpg\" class=\"attachment-thumbnail size-thumbnail\" alt=\"\" \/><\/a>\n\t\t\t<\/dt><\/dl><br style=\"clear: both\" \/><dl class='gallery-item'>\n\t\t\t<dt class='gallery-icon portrait'>\n\t\t\t\t<a href='https:\/\/www.fjs1970.se\/wp-content\/uploads\/2010\/05\/Svante_Larsson_Nr_1.jpg'><img loading=\"lazy\" decoding=\"async\" width=\"150\" height=\"150\" src=\"https:\/\/www.fjs1970.se\/wp-content\/uploads\/2010\/05\/Svante_Larsson_Nr_1-150x150.jpg\" class=\"attachment-thumbnail size-thumbnail\" alt=\"\" \/><\/a>\n\t\t\t<\/dt><\/dl><dl class='gallery-item'>\n\t\t\t<dt class='gallery-icon portrait'>\n\t\t\t\t<a href='https:\/\/www.fjs1970.se\/wp-content\/uploads\/2010\/05\/Larsson_tavla.jpg'><img loading=\"lazy\" decoding=\"async\" width=\"150\" height=\"150\" src=\"https:\/\/www.fjs1970.se\/wp-content\/uploads\/2010\/05\/Larsson_tavla-150x150.jpg\" class=\"attachment-thumbnail size-thumbnail\" alt=\"\" \/><\/a>\n\t\t\t<\/dt><\/dl><dl class='gallery-item'>\n\t\t\t<dt class='gallery-icon landscape'>\n\t\t\t\t<a href='https:\/\/www.fjs1970.se\/wp-content\/uploads\/2010\/05\/DSC00130.jpg'><img loading=\"lazy\" decoding=\"async\" width=\"150\" height=\"150\" src=\"https:\/\/www.fjs1970.se\/wp-content\/uploads\/2010\/05\/DSC00130-150x150.jpg\" class=\"attachment-thumbnail size-thumbnail\" alt=\"\" \/><\/a>\n\t\t\t<\/dt><\/dl><dl class='gallery-item'>\n\t\t\t<dt class='gallery-icon portrait'>\n\t\t\t\t<a href='https:\/\/www.fjs1970.se\/wp-content\/uploads\/2010\/05\/Orrhult-sk\u00e4rmen.jpg'><img loading=\"lazy\" decoding=\"async\" width=\"150\" height=\"150\" src=\"https:\/\/www.fjs1970.se\/wp-content\/uploads\/2010\/05\/Orrhult-sk\u00e4rmen-150x150.jpg\" class=\"attachment-thumbnail size-thumbnail\" alt=\"\" \/><\/a>\n\t\t\t<\/dt><\/dl><br style=\"clear: both\" \/><dl class='gallery-item'>\n\t\t\t<dt class='gallery-icon landscape'>\n\t\t\t\t<a href='https:\/\/www.fjs1970.se\/wp-content\/uploads\/2010\/05\/Lj-Sp\u00e5ng.jpg'><img loading=\"lazy\" decoding=\"async\" width=\"150\" height=\"150\" src=\"https:\/\/www.fjs1970.se\/wp-content\/uploads\/2010\/05\/Lj-Sp\u00e5ng-150x150.jpg\" class=\"attachment-thumbnail size-thumbnail\" alt=\"\" \/><\/a>\n\t\t\t<\/dt><\/dl><dl class='gallery-item'>\n\t\t\t<dt class='gallery-icon landscape'>\n\t\t\t\t<a href='https:\/\/www.fjs1970.se\/wp-content\/uploads\/2010\/05\/FJS-GU-70-71-40-\u00e5r-016.jpg'><img loading=\"lazy\" decoding=\"async\" width=\"150\" height=\"150\" src=\"https:\/\/www.fjs1970.se\/wp-content\/uploads\/2010\/05\/FJS-GU-70-71-40-\u00e5r-016-150x150.jpg\" class=\"attachment-thumbnail size-thumbnail\" alt=\"\" \/><\/a>\n\t\t\t<\/dt><\/dl>\n\t\t\t<br style='clear: both' \/>\n\t\t<\/div>\n\n<h1 style=\"text-align: center;\">\u25ca<\/h1>\n<div><strong> <\/strong><\/div>\n<div><strong> <\/strong><\/div>\n<div><strong> <\/strong><\/div>\n<p><strong> <\/strong><\/p>\n<p><strong> <\/strong><\/p>\n<\/div>\n","protected":false},"excerpt":{"rendered":"<p>\u25ca<\/p>\n","protected":false},"author":1,"featured_media":0,"parent":315,"menu_order":2,"comment_status":"closed","ping_status":"closed","template":"","meta":{"footnotes":""},"class_list":["post-4850","page","type-page","status-publish","hentry"],"_links":{"self":[{"href":"https:\/\/www.fjs1970.se\/index.php?rest_route=\/wp\/v2\/pages\/4850","targetHints":{"allow":["GET"]}}],"collection":[{"href":"https:\/\/www.fjs1970.se\/index.php?rest_route=\/wp\/v2\/pages"}],"about":[{"href":"https:\/\/www.fjs1970.se\/index.php?rest_route=\/wp\/v2\/types\/page"}],"author":[{"embeddable":true,"href":"https:\/\/www.fjs1970.se\/index.php?rest_route=\/wp\/v2\/users\/1"}],"replies":[{"embeddable":true,"href":"https:\/\/www.fjs1970.se\/index.php?rest_route=%2Fwp%2Fv2%2Fcomments&post=4850"}],"version-history":[{"count":11,"href":"https:\/\/www.fjs1970.se\/index.php?rest_route=\/wp\/v2\/pages\/4850\/revisions"}],"predecessor-version":[{"id":4870,"href":"https:\/\/www.fjs1970.se\/index.php?rest_route=\/wp\/v2\/pages\/4850\/revisions\/4870"}],"up":[{"embeddable":true,"href":"https:\/\/www.fjs1970.se\/index.php?rest_route=\/wp\/v2\/pages\/315"}],"wp:attachment":[{"href":"https:\/\/www.fjs1970.se\/index.php?rest_route=%2Fwp%2Fv2%2Fmedia&parent=4850"}],"curies":[{"name":"wp","href":"https:\/\/api.w.org\/{rel}","templated":true}]}}