{"id":361,"date":"2009-12-20T22:17:54","date_gmt":"2009-12-20T21:17:54","guid":{"rendered":"http:\/\/www.fjs1970.se\/?page_id=361"},"modified":"2010-11-21T14:45:39","modified_gmt":"2010-11-21T13:45:39","slug":"ornen-fran-197071","status":"publish","type":"page","link":"https:\/\/www.fjs1970.se\/?page_id=361","title":{"rendered":"Tidningen \u00d6rnen nr.54-56"},"content":{"rendered":"<p><strong><img loading=\"lazy\" decoding=\"async\" class=\"alignnone size-full wp-image-802\" title=\"m\u00e4rket \u00f6rnen\" src=\"http:\/\/www.fjs1970.se\/wp-content\/uploads\/2009\/12\/fjs_m601.jpg\" alt=\"\" width=\"65\" height=\"38\" \/><\/strong><\/p>\n<p><strong> <\/strong><\/p>\n<h5><span style=\"color: #dcbd93;\">.<\/span><\/h5>\n<h5>Redaktionen\u00a0bestod av<\/h5>\n<h5>fj Lindmark, fskj Kr\u00e9jci, fskj Brunner och fskj Johansson med flera.<\/h5>\n<p><span style=\"color: #dbc09e;\">.<\/span><\/p>\n<p><img loading=\"lazy\" decoding=\"async\" class=\"alignnone size-full wp-image-1722\" title=\"Teckning ur \u00d6rnen av 218 Johansson\" src=\"http:\/\/www.fjs1970.se\/wp-content\/uploads\/2009\/12\/Teckning-7-Nille.jpg\" alt=\"\" width=\"576\" height=\"293\" srcset=\"https:\/\/www.fjs1970.se\/wp-content\/uploads\/2009\/12\/Teckning-7-Nille.jpg 640w, https:\/\/www.fjs1970.se\/wp-content\/uploads\/2009\/12\/Teckning-7-Nille-300x152.jpg 300w\" sizes=\"auto, (max-width: 576px) 100vw, 576px\" \/><\/p>\n<p><strong>Tidningen \u00d6rnen\u00a0ges ut tv\u00e5 g\u00e5nger per \u00e5r av fallsk\u00e4rmsj\u00e4garklubben och produceras av inneliggande fallsk\u00e4rmsj\u00e4gare samt FJS personal. M\u00e5nga ber\u00e4ttelser beskriver gemensamma h\u00e4ndelser\u00a0och g\u00e4rna\u00a0med dr\u00e5pliga, sanna eller osanna,\u00a0anspelningar p\u00e5 kamrater och bef\u00e4l. <\/strong><\/p>\n<p><strong>Fj Lindmark var chefredakt\u00f6r f\u00f6r tidningen\u00a0p\u00e5 v\u00e5r tid och till sin hj\u00e4lp hade han redakt\u00f6rerna 135 Kr\u00e9jci, 110 Brunner och 218 Johansson med flera. Tre nummer gavs ut.\u00a0De \u00e4r tvekl\u00f6st l\u00e4sv\u00e4rda och lockar till m\u00e5nga goa skratt.<\/strong><\/p>\n<p><strong> <\/strong><\/p>\n<p><strong>F\u00f6r att kunna l\u00e4sa tidningen m\u00e5ste Du ha programmet &#8221;Acrobat Reader&#8221; installerat p\u00e5 din dator.<\/strong><\/p>\n<p><strong>Varje tidning \u00e4r 5 Mb och kan d\u00e4rf\u00f6r ta n\u00e5gon minut\u00a0att ladda\u00a0ned beroende p\u00e5 hur snabbt bredband Du har.<\/strong><\/p>\n<p><strong> <\/strong><\/p>\n<h5>Klicka p\u00e5\u00a0en av tidningarna nedan\u00a0s\u00e5 f\u00e5r Du en trevlig\u00a0l\u00e4sstund!<span style=\"color: #ff0000;\"> <\/span><\/h5>\n<h5><span style=\"color: #cabe9a;\">.<\/span><\/h5>\n<p><strong><a href=\"http:\/\/www.fjs1970.se\/wp-content\/uploads\/2010\/01\/Ornen-54.pdf\"><img loading=\"lazy\" decoding=\"async\" class=\"alignnone size-full wp-image-1719\" title=\"Tidningen \u00d6rnen nr. 54 andrasida\" src=\"http:\/\/www.fjs1970.se\/wp-content\/uploads\/2009\/12\/ornen_sida2_54-2.jpg\" alt=\"\" width=\"416\" height=\"632\" srcset=\"https:\/\/www.fjs1970.se\/wp-content\/uploads\/2009\/12\/ornen_sida2_54-2.jpg 462w, https:\/\/www.fjs1970.se\/wp-content\/uploads\/2009\/12\/ornen_sida2_54-2-197x300.jpg 197w\" sizes=\"auto, (max-width: 416px) 100vw, 416px\" \/><\/a><\/strong><\/p>\n<p><strong><span style=\"color: #cab490;\">.<\/span><\/strong><\/p>\n<p><a href=\"http:\/\/www.fjs1970.se\/wp-content\/uploads\/2010\/01\/Ornen-55.pdf\"><img loading=\"lazy\" decoding=\"async\" class=\"alignnone size-full wp-image-1718\" title=\"Tidningen \u00d6rnen nr. 55 andrasida\" src=\"http:\/\/www.fjs1970.se\/wp-content\/uploads\/2009\/12\/ornen_sida2_55-2.jpg\" alt=\"\" width=\"443\" height=\"708\" srcset=\"https:\/\/www.fjs1970.se\/wp-content\/uploads\/2009\/12\/ornen_sida2_55-2.jpg 443w, https:\/\/www.fjs1970.se\/wp-content\/uploads\/2009\/12\/ornen_sida2_55-2-187x300.jpg 187w\" sizes=\"auto, (max-width: 443px) 100vw, 443px\" \/><\/a><\/p>\n<p class=\"mceTemp\"><strong> <\/strong><\/p>\n<p class=\"mceTemp\"><a href=\"http:\/\/www.fjs1970.se\/wp-content\/uploads\/2010\/01\/Ornen-561.pdf\"><img loading=\"lazy\" decoding=\"async\" class=\"alignnone size-full wp-image-2019\" title=\"Tidningen \u00d6rnen nr.56, andrasida\" src=\"http:\/\/www.fjs1970.se\/wp-content\/uploads\/2010\/01\/ornenn_sida2_56.jpg\" alt=\"\" width=\"551\" height=\"830\" srcset=\"https:\/\/www.fjs1970.se\/wp-content\/uploads\/2010\/01\/ornenn_sida2_56.jpg 680w, https:\/\/www.fjs1970.se\/wp-content\/uploads\/2010\/01\/ornenn_sida2_56-199x300.jpg 199w\" sizes=\"auto, (max-width: 551px) 100vw, 551px\" \/><\/a><\/p>\n<p class=\"mceTemp\">\n<h1 class=\"mceTemp\" style=\"text-align: center;\">\u25ca<\/h1>\n","protected":false},"excerpt":{"rendered":"<p>. Redaktionen\u00a0bestod av fj Lindmark, fskj Kr\u00e9jci, fskj Brunner och fskj Johansson med flera. . Tidningen \u00d6rnen\u00a0ges ut tv\u00e5 g\u00e5nger per \u00e5r av fallsk\u00e4rmsj\u00e4garklubben och produceras av inneliggande fallsk\u00e4rmsj\u00e4gare samt FJS personal. M\u00e5nga ber\u00e4ttelser beskriver gemensamma h\u00e4ndelser\u00a0och g\u00e4rna\u00a0med dr\u00e5pliga, sanna eller osanna,\u00a0anspelningar p\u00e5 kamrater och bef\u00e4l. Fj Lindmark var chefredakt\u00f6r f\u00f6r tidningen\u00a0p\u00e5 v\u00e5r tid och [&hellip;]<\/p>\n","protected":false},"author":1,"featured_media":0,"parent":2,"menu_order":5,"comment_status":"closed","ping_status":"closed","template":"","meta":{"footnotes":""},"class_list":["post-361","page","type-page","status-publish","hentry"],"_links":{"self":[{"href":"https:\/\/www.fjs1970.se\/index.php?rest_route=\/wp\/v2\/pages\/361","targetHints":{"allow":["GET"]}}],"collection":[{"href":"https:\/\/www.fjs1970.se\/index.php?rest_route=\/wp\/v2\/pages"}],"about":[{"href":"https:\/\/www.fjs1970.se\/index.php?rest_route=\/wp\/v2\/types\/page"}],"author":[{"embeddable":true,"href":"https:\/\/www.fjs1970.se\/index.php?rest_route=\/wp\/v2\/users\/1"}],"replies":[{"embeddable":true,"href":"https:\/\/www.fjs1970.se\/index.php?rest_route=%2Fwp%2Fv2%2Fcomments&post=361"}],"version-history":[{"count":127,"href":"https:\/\/www.fjs1970.se\/index.php?rest_route=\/wp\/v2\/pages\/361\/revisions"}],"predecessor-version":[{"id":539,"href":"https:\/\/www.fjs1970.se\/index.php?rest_route=\/wp\/v2\/pages\/361\/revisions\/539"}],"up":[{"embeddable":true,"href":"https:\/\/www.fjs1970.se\/index.php?rest_route=\/wp\/v2\/pages\/2"}],"wp:attachment":[{"href":"https:\/\/www.fjs1970.se\/index.php?rest_route=%2Fwp%2Fv2%2Fmedia&parent=361"}],"curies":[{"name":"wp","href":"https:\/\/api.w.org\/{rel}","templated":true}]}}