{"id":347,"date":"2009-12-20T21:50:56","date_gmt":"2009-12-20T20:50:56","guid":{"rendered":"http:\/\/www.fjs1970.se\/?page_id=347"},"modified":"2016-01-10T15:55:04","modified_gmt":"2016-01-10T14:55:04","slug":"kompanilista","status":"publish","type":"page","link":"https:\/\/www.fjs1970.se\/?page_id=347","title":{"rendered":"Vi som utbildades"},"content":{"rendered":"<p><img loading=\"lazy\" decoding=\"async\" class=\"size-full wp-image-802 alignnone\" title=\"m\u00e4rket \u00f6rnen\" src=\"http:\/\/www.fjs1970.se\/wp-content\/uploads\/2009\/12\/fjs_m601.jpg\" alt=\"\" width=\"65\" height=\"38\" \/><\/p>\n<p><span style=\"color: #c1b18f;\">.<\/span><\/p>\n<h5>-F\u00f6r en fallsk\u00e4rmsj\u00e4gare \u00e4r ingenting om\u00f6jligt-<\/h5>\n<p><span style=\"color: #dbc094;\">.<\/span><\/p>\n<h5>F\u00f6rsta pluton\u00a0\u00a0\u00a0\u00a0\u00a0\u00a0\u00a0\u00a0\u00a0\u00a0\u00a0\u00a0\u00a0\u00a0\u00a0\u00a0\u00a0\u00a0\u00a0\u00a0\u00a0\u00a0\u00a0\u00a0\u00a0\u00a0\u00a0\u00a0\u00a0\u00a0Andra pluton\u00a0\u00a0\u00a0\u00a0\u00a0\u00a0\u00a0\u00a0\u00a0\u00a0\u00a0\u00a0\u00a0\u00a0\u00a0\u00a0\u00a0\u00a0\u00a0\u00a0\u00a0\u00a0\u00a0Tredje pluton<\/h5>\n<p><strong>101 Wildt-Persson, Fj\u00e4lkinge\u00a0\u00a0\u00a0\u00a0\u00a0\u00a0\u00a0\u00a0\u00a0 201 Larsson, \u00d6rebro\u00a0\u00a0\u00a0\u00a0\u00a0\u00a0\u00a0\u00a0\u00a0\u00a0\u00a0\u00a0\u00a0\u00a0\u00a0\u00a0\u00a0 301 Andersson, Hamneda<\/strong><\/p>\n<p><strong>103 G\u00f6thner, Ockelbo\u00a0\u00a0\u00a0\u00a0\u00a0\u00a0\u00a0\u00a0\u00a0\u00a0\u00a0\u00a0\u00a0\u00a0\u00a0\u00a0\u00a0\u00a0\u00a0\u00a0 202 Tielinen,\u00a0V\u00e4ster\u00e5s\u00a0\u00a0\u00a0\u00a0\u00a0\u00a0\u00a0\u00a0\u00a0\u00a0\u00a0\u00a0\u00a0\u00a0302 Holmgren, J\u00f6nk\u00f6ping<\/strong><\/p>\n<p><strong>104 Liljehammar, Arboga\u00a0\u00a0\u00a0\u00a0\u00a0\u00a0\u00a0\u00a0\u00a0\u00a0\u00a0\u00a0\u00a0\u00a0\u00a0 203 Oppenheim, G\u00f6teborg\u00a0\u00a0\u00a0\u00a0\u00a0\u00a0\u00a0\u00a0 303 Lindberg, J\u00f6nk\u00f6ping<\/strong><\/p>\n<p><strong>105 Nor\u00e9n, Arboga\u00a0\u00a0\u00a0\u00a0\u00a0\u00a0\u00a0\u00a0\u00a0\u00a0\u00a0\u00a0\u00a0\u00a0\u00a0\u00a0\u00a0\u00a0\u00a0\u00a0\u00a0\u00a0\u00a0\u00a0 204 Olsson, Stockholm\u00a0\u00a0\u00a0\u00a0\u00a0\u00a0\u00a0\u00a0\u00a0\u00a0\u00a0\u00a0 304 Edgren, J\u00f6nk\u00f6ping<\/strong><\/p>\n<p><strong>107 Johansson, Falk\u00f6ping\u00a0\u00a0\u00a0\u00a0\u00a0\u00a0\u00a0\u00a0\u00a0\u00a0\u00a0\u00a0\u00a0\u00a0 206 Jansson, \u00d6rebro\u00a0\u00a0\u00a0\u00a0\u00a0\u00a0\u00a0\u00a0\u00a0\u00a0\u00a0\u00a0\u00a0\u00a0\u00a0\u00a0\u00a0305 Kruse, Bj\u00f6rstorp<\/strong><\/p>\n<p><strong>109 Johansson, Karlsborg\u00a0\u00a0\u00a0\u00a0\u00a0\u00a0\u00a0\u00a0\u00a0\u00a0\u00a0\u00a0\u00a0\u00a0\u00a0207 Larsson, Uppsala\u00a0\u00a0\u00a0\u00a0\u00a0\u00a0\u00a0\u00a0\u00a0\u00a0\u00a0\u00a0\u00a0\u00a0\u00a0 306 Sj\u00f6berg, V\u00e4rnamo<\/strong><\/p>\n<p><strong>\u00a0 \u00a0 \u00a0 \u00a0 \u00a0 \u00a0 \u00a0 \u00a0 \u00a0 \u00a0 \u00a0 \u00a0 \u00a0 \u00a0 \u00a0 \u00a0 \u00a0 \u00a0 \u00a0 \u00a0 \u00a0 \u00a0 \u00a0 \u00a0 \u00a0 \u00a0 \u00a0 \u00a0208 Lindqvist, V\u00e4xj\u00f6\u00a0\u00a0\u00a0\u00a0\u00a0\u00a0\u00a0\u00a0\u00a0\u00a0\u00a0\u00a0\u00a0\u00a0\u00a0\u00a0 308 H\u00e4gerklint, D\u00f6sjebro<\/strong><\/p>\n<p><strong>112 Lindqvist, V\u00e4ster\u00e5s\u00a0\u00a0\u00a0\u00a0\u00a0\u00a0\u00a0\u00a0\u00a0\u00a0\u00a0\u00a0\u00a0\u00a0\u00a0\u00a0 \u00a0211 Jerkander, Hov\u00e5s\u00a0\u00a0\u00a0\u00a0\u00a0\u00a0\u00a0\u00a0\u00a0\u00a0\u00a0\u00a0\u00a0\u00a0\u00a0 309 M\u00e5rtensson, Ross\u00f6n<\/strong><\/p>\n<p><strong>113 Orrhult, G\u00f6teborg\u00a0\u00a0\u00a0\u00a0\u00a0\u00a0\u00a0\u00a0\u00a0\u00a0\u00a0\u00a0\u00a0\u00a0\u00a0\u00a0\u00a0\u00a0\u00a0 212 Gustavsson, Halmstad\u00a0\u00a0\u00a0\u00a0\u00a0\u00a0\u00a0\u00a0 310 Larsson, Gillhov<\/strong><\/p>\n<p><strong>114 \u00d6stberg, Lax\u00e5\u00a0\u00a0\u00a0\u00a0\u00a0\u00a0\u00a0\u00a0\u00a0\u00a0\u00a0\u00a0\u00a0\u00a0\u00a0\u00a0\u00a0\u00a0\u00a0\u00a0\u00a0\u00a0\u00a0\u00a0\u00a0 213 Nicolaysen, Sk\u00e4rholmen\u00a0\u00a0\u00a0\u00a0\u00a0 312 Nystr\u00f6m, Kalix<\/strong><\/p>\n<p><strong>115 Sundstr\u00f6m, Sundsvall\u00a0\u00a0\u00a0\u00a0\u00a0\u00a0\u00a0\u00a0\u00a0\u00a0\u00a0\u00a0\u00a0\u00a0 215 \u00d6berg, Vidsel\u00a0\u00a0\u00a0\u00a0\u00a0\u00a0\u00a0\u00a0\u00a0\u00a0\u00a0\u00a0\u00a0\u00a0\u00a0\u00a0\u00a0\u00a0\u00a0\u00a0\u00a0314 Karlsson, Karlstad<\/strong><\/p>\n<p><strong>116 Lekander G, Ume\u00e5\u00a0\u00a0\u00a0\u00a0\u00a0\u00a0\u00a0\u00a0\u00a0\u00a0\u00a0\u00a0\u00a0\u00a0\u00a0\u00a0\u00a0\u00a0\u00a0 218 Johansson, Malm\u00f6\u00a0\u00a0\u00a0\u00a0\u00a0\u00a0\u00a0\u00a0\u00a0\u00a0\u00a0\u00a0\u00a0 315 Swedberg, Lidk\u00f6ping<\/strong><\/p>\n<p><strong>117 Bj\u00f6rnehammar, Solna\u00a0\u00a0\u00a0\u00a0\u00a0\u00a0\u00a0\u00a0\u00a0\u00a0\u00a0\u00a0\u00a0\u00a0\u00a0 219 Gustavsson, Norrk\u00f6ping\u00a0\u00a0\u00a0\u00a0 316 Liedberg, Ulvstorp<\/strong><\/p>\n<p><strong>118 Westrup, Liding\u00f6\u00a0\u00a0\u00a0\u00a0\u00a0\u00a0\u00a0\u00a0\u00a0\u00a0\u00a0\u00a0\u00a0\u00a0\u00a0\u00a0\u00a0\u00a0\u00a0\u00a0 220 Fridh, Staffanstorp\u00a0\u00a0\u00a0\u00a0\u00a0\u00a0\u00a0\u00a0\u00a0\u00a0\u00a0\u00a0\u00a0 317 Haraldsson, N-k\u00f6ping<\/strong><\/p>\n<p><strong>121 Lindblad, Malm\u00f6\u00a0\u00a0\u00a0\u00a0\u00a0\u00a0\u00a0\u00a0\u00a0\u00a0\u00a0\u00a0\u00a0\u00a0\u00a0\u00a0\u00a0\u00a0\u00a0\u00a0\u00a0 222 Swahn, Bj\u00f6rklinge\u00a0\u00a0\u00a0\u00a0\u00a0\u00a0\u00a0\u00a0\u00a0\u00a0\u00a0\u00a0\u00a0\u00a0 318 Plars, Bandhagen<\/strong><\/p>\n<p><strong>123 Jansson, S\u00e4ffle\u00a0\u00a0\u00a0\u00a0\u00a0\u00a0\u00a0\u00a0\u00a0\u00a0\u00a0\u00a0\u00a0\u00a0\u00a0\u00a0\u00a0\u00a0\u00a0\u00a0\u00a0\u00a0\u00a0 223 Wingqvist, Br\u00e4mhult\u00a0\u00a0\u00a0\u00a0\u00a0\u00a0\u00a0\u00a0\u00a0\u00a0\u00a0 320 Eriksson, V\u00e4llingby<\/strong><\/p>\n<p><strong>125 Franz\u00e9n, S\u00f6dert\u00e4lje\u00a0\u00a0\u00a0\u00a0\u00a0\u00a0\u00a0\u00a0\u00a0\u00a0\u00a0\u00a0\u00a0\u00a0\u00a0\u00a0\u00a0 224 Wernersson, Malm\u00f6\u00a0\u00a0\u00a0\u00a0\u00a0\u00a0\u00a0\u00a0\u00a0\u00a0\u00a0\u00a0 324 M\u00e4mmi, Riddarhyttan<\/strong><\/p>\n<p><strong>127 Karlsson, R\u00f6rvik\u00a0\u00a0\u00a0\u00a0\u00a0\u00a0\u00a0\u00a0\u00a0\u00a0\u00a0\u00a0\u00a0\u00a0\u00a0\u00a0\u00a0\u00a0\u00a0\u00a0\u00a0 225 Eriksson, Stugun\u00a0\u00a0\u00a0\u00a0\u00a0\u00a0\u00a0\u00a0\u00a0\u00a0\u00a0\u00a0\u00a0\u00a0\u00a0\u00a0 325 Andersson, Arboga<\/strong><\/p>\n<p><strong>128 Alheden, V\u00e4nersborg\u00a0\u00a0\u00a0\u00a0\u00a0\u00a0\u00a0\u00a0\u00a0\u00a0\u00a0\u00a0\u00a0 \u00a0226 Pettersson, Gislaved\u00a0\u00a0\u00a0\u00a0\u00a0\u00a0\u00a0\u00a0\u00a0\u00a0\u00a0 326 R\u00f6nnerman, Sk\u00f6vde<\/strong><\/p>\n<p><strong>131 Gylter, H\u00e4rn\u00f6sand\u00a0\u00a0\u00a0\u00a0\u00a0\u00a0\u00a0\u00a0\u00a0\u00a0\u00a0\u00a0\u00a0\u00a0\u00a0\u00a0\u00a0\u00a0 227 Alb\u00e9r, J\u00f6nk\u00f6ping\u00a0\u00a0\u00a0\u00a0\u00a0\u00a0\u00a0\u00a0\u00a0\u00a0\u00a0\u00a0\u00a0\u00a0\u00a0\u00a0 327 Benoni, Malm\u00f6<\/strong><\/p>\n<p><strong>134 Lekander O, Ume\u00e5\u00a0\u00a0\u00a0\u00a0\u00a0\u00a0\u00a0\u00a0\u00a0\u00a0\u00a0\u00a0\u00a0\u00a0\u00a0\u00a0\u00a0\u00a0 228 Bj\u00f6rnstr\u00f6m, Stockholm\u00a0\u00a0\u00a0\u00a0\u00a0\u00a0\u00a0 330 Stetter, Trelleborg<\/strong><\/p>\n<p><strong>135 Krejci, Rosenberg\u00a0\u00a0\u00a0\u00a0\u00a0\u00a0\u00a0\u00a0\u00a0\u00a0\u00a0\u00a0\u00a0\u00a0\u00a0\u00a0\u00a0\u00a0 \u00a0229 Hansson, \u00d6stra Grevie\u00a0\u00a0\u00a0\u00a0\u00a0\u00a0\u00a0\u00a0 331 Persson, Sandb\u00e4ck<\/strong><\/p>\n<p><strong>136 S\u00f6derstr\u00f6m, V\u00e4nersborg\u00a0\u00a0\u00a0\u00a0\u00a0\u00a0\u00a0\u00a0\u00a0 232 Fjellborg, Kiruna\u00a0\u00a0\u00a0\u00a0\u00a0\u00a0\u00a0\u00a0\u00a0\u00a0\u00a0\u00a0\u00a0\u00a0\u00a0\u00a0 333 Wiberg, G\u00f6teborg<\/strong><\/p>\n<p><strong>137 \u00c5lander, Liding\u00f6\u00a0\u00a0\u00a0\u00a0\u00a0\u00a0\u00a0\u00a0\u00a0\u00a0\u00a0\u00a0\u00a0\u00a0\u00a0\u00a0\u00a0\u00a0\u00a0\u00a0 233 Elms\u00e4ter, Smedjebacken\u00a0\u00a0\u00a0\u00a0\u00a0 334 Johansson, Kalvsvik<\/strong><\/p>\n<p><strong>138 Gunnarsson, Urshult\u00a0\u00a0\u00a0\u00a0\u00a0\u00a0\u00a0\u00a0\u00a0\u00a0\u00a0\u00a0\u00a0\u00a0 235 M\u00e5nstr\u00f6m, Sp\u00e5nga\u00a0\u00a0\u00a0\u00a0\u00a0\u00a0\u00a0\u00a0\u00a0\u00a0\u00a0\u00a0\u00a0\u00a0 336 Wallin, Enk\u00f6ping<\/strong><\/p>\n<p><strong>140 Arvidsson, K\u00f6pmanholmen\u00a0\u00a0\u00a0 \u00a0\u00a0 238 Nygren, H\u00f6ssj\u00f6\u00e4ng\u00a0\u00a0\u00a0\u00a0\u00a0\u00a0\u00a0\u00a0\u00a0\u00a0\u00a0\u00a0 337 Simonsson, V\u00e4stervik<\/strong><\/p>\n<p><strong>143 Sandstr\u00f6m, Fr\u00f6s\u00f6n\u00a0\u00a0\u00a0\u00a0\u00a0\u00a0\u00a0\u00a0\u00a0\u00a0\u00a0\u00a0\u00a0\u00a0\u00a0\u00a0\u00a0 239 Aspemar, Mj\u00f6lby\u00a0\u00a0\u00a0\u00a0\u00a0\u00a0\u00a0\u00a0\u00a0\u00a0\u00a0\u00a0\u00a0\u00a0\u00a0\u00a0 338 Kindstr\u00f6m, Nykil<\/strong><\/p>\n<p><strong>144 von Gyllenpalm, Liding\u00f6\u00a0\u00a0\u00a0\u00a0\u00a0\u00a0\u00a0\u00a0\u00a0 240 Svenlin, Seskar\u00f6\u00a0\u00a0\u00a0\u00a0\u00a0\u00a0\u00a0\u00a0\u00a0\u00a0\u00a0\u00a0\u00a0\u00a0\u00a0\u00a0\u00a0 340 Gustavsson, Angered<\/strong><\/p>\n<p><strong>146 Ranebo, J\u00e4rvs\u00f6\u00a0\u00a0\u00a0\u00a0\u00a0\u00a0\u00a0\u00a0\u00a0\u00a0\u00a0\u00a0\u00a0\u00a0\u00a0\u00a0\u00a0\u00a0\u00a0\u00a0\u00a0\u00a0\u00a0 241 Helgeson, Sj\u00f6vik\u00a0\u00a0\u00a0\u00a0\u00a0\u00a0\u00a0\u00a0\u00a0\u00a0\u00a0\u00a0\u00a0\u00a0\u00a0\u00a0 341 Lundin, G\u00f6teborg<\/strong><\/p>\n<p><strong>147 Str\u00f6m, G\u00f6teborg\u00a0\u00a0\u00a0\u00a0\u00a0\u00a0\u00a0\u00a0\u00a0\u00a0\u00a0\u00a0\u00a0\u00a0\u00a0\u00a0\u00a0\u00a0\u00a0\u00a0\u00a0 242 Jonsson, \u00d6rebro\u00a0\u00a0\u00a0\u00a0\u00a0\u00a0\u00a0\u00a0\u00a0\u00a0\u00a0\u00a0\u00a0\u00a0\u00a0\u00a0 \u00a0342 Baltzer, Bor\u00e5s<\/strong><\/p>\n<p><strong>148 Karlsson, \u00c4lmeboda\u00a0\u00a0\u00a0\u00a0\u00a0\u00a0\u00a0\u00a0\u00a0\u00a0\u00a0\u00a0\u00a0\u00a0\u00a0\u00a0 244 Bernson, Hov\u00e5s\u00a0\u00a0\u00a0\u00a0\u00a0\u00a0\u00a0\u00a0\u00a0\u00a0\u00a0\u00a0\u00a0\u00a0\u00a0\u00a0\u00a0\u00a0 344 Bredberg, Bor\u00e5s<\/strong><\/p>\n<p><strong>150 S\u00f6der, Lilla Edet\u00a0\u00a0\u00a0\u00a0\u00a0\u00a0\u00a0\u00a0\u00a0\u00a0\u00a0\u00a0\u00a0\u00a0\u00a0\u00a0\u00a0\u00a0\u00a0\u00a0\u00a0 245 Larsson, Link\u00f6ping <\/strong><\/p>\n<p><strong>\u00a0 \u00a0 \u00a0 \u00a0 \u00a0 \u00a0 \u00a0 \u00a0 \u00a0 \u00a0 \u00a0 \u00a0 \u00a0 \u00a0 \u00a0 \u00a0 \u00a0 \u00a0 \u00a0 \u00a0 \u00a0 \u00a0 \u00a0 \u00a0 \u00a0 \u00a0 \u00a0 \u00a0 246 Abrahamsson, \u00c4ngelholm<\/strong><\/p>\n<p><span style=\"color: #000000;\"><strong>(110) Brunner, Stockholm<\/strong><\/span><\/p>\n<p><span style=\"color: #dbc094;\"><span style=\"color: #000000;\"><strong>(132) Messing, G\u00e4vle<\/strong><\/span><br \/>\n<\/span><\/p>\n<p><span style=\"color: #000000;\"><strong>(141) Rydqvist, Kungsbacka<\/strong><\/span><\/p>\n<p><span style=\"color: #000000;\"><strong>(216) Edin, Farsta<\/strong><\/span><\/p>\n<p><strong><span style=\"color: #dbc094;\">.<\/span><\/strong><\/p>\n<blockquote>\n<h5><span style=\"color: #dbc094;\"><strong><span style=\"color: #000000;\"><span style=\"text-decoration: underline;\">\u00d6rnparad<\/span><\/span><\/strong><\/span><\/h5>\n<p><strong>N\u00e4r jag nu utn\u00e4mner er till fallsk\u00e4rmsj\u00e4gare genom att f\u00e4sta den gyllene \u00d6rnen p\u00e5 den plats p\u00e5 vapenrocken varunder hj\u00e4rtat klappar erinrar jag er om de skyldigheter som d\u00e4rvid \u00e5vilar er.<\/strong><\/p>\n<p><strong>En fallsk\u00e4rmsj\u00e4gare \u00e4r i alla avseenden en f\u00f6reg\u00e5ngsman, inte bara under krigsf\u00f6rh\u00e5llanden utan \u00e4ven\u00a0i fred. Hans g\u00e4rningar skall alltid pr\u00e4glas av skolans valspr\u00e5k som \u00e4r Vilja, Mod och Uth\u00e5llighet vilket\u00a0inneb\u00e4r<\/strong><\/p>\n<p><strong>viljan att g\u00f6ra n\u00e5got,<\/strong><\/p>\n<p><strong>modet att v\u00e5ga g\u00f6ra det,<\/strong><\/p>\n<p><strong>uth\u00e5lligheten att orka g\u00f6ra det \u00e4ven under\u00a0de sv\u00e5raste f\u00f6rh\u00e5llanden.<\/strong><\/p>\n<p><span style=\"color: #dbc094;\">.<\/span><\/p><\/blockquote>\n<div id=\"attachment_1487\" style=\"width: 619px\" class=\"wp-caption alignnone\"><img loading=\"lazy\" decoding=\"async\" aria-describedby=\"caption-attachment-1487\" class=\"size-full wp-image-1487\" title=\"Skolchef major Magnus Eriksson\" src=\"http:\/\/www.fjs1970.se\/wp-content\/uploads\/2009\/06\/Magnus-Eriksson.jpg\" alt=\"Skolchef major Magnus Eriksson\" width=\"609\" height=\"375\" srcset=\"https:\/\/www.fjs1970.se\/wp-content\/uploads\/2009\/06\/Magnus-Eriksson.jpg 609w, https:\/\/www.fjs1970.se\/wp-content\/uploads\/2009\/06\/Magnus-Eriksson-300x184.jpg 300w\" sizes=\"auto, (max-width: 609px) 100vw, 609px\" \/><p id=\"caption-attachment-1487\" class=\"wp-caption-text\">Major Magnus Eriksson, skolchef<\/p><\/div>\n<h1 style=\"text-align: center;\">\u25ca<\/h1>\n","protected":false},"excerpt":{"rendered":"<p>. -F\u00f6r en fallsk\u00e4rmsj\u00e4gare \u00e4r ingenting om\u00f6jligt- . F\u00f6rsta pluton\u00a0\u00a0\u00a0\u00a0\u00a0\u00a0\u00a0\u00a0\u00a0\u00a0\u00a0\u00a0\u00a0\u00a0\u00a0\u00a0\u00a0\u00a0\u00a0\u00a0\u00a0\u00a0\u00a0\u00a0\u00a0\u00a0\u00a0\u00a0\u00a0\u00a0Andra pluton\u00a0\u00a0\u00a0\u00a0\u00a0\u00a0\u00a0\u00a0\u00a0\u00a0\u00a0\u00a0\u00a0\u00a0\u00a0\u00a0\u00a0\u00a0\u00a0\u00a0\u00a0\u00a0\u00a0Tredje pluton 101 Wildt-Persson, Fj\u00e4lkinge\u00a0\u00a0\u00a0\u00a0\u00a0\u00a0\u00a0\u00a0\u00a0 201 Larsson, \u00d6rebro\u00a0\u00a0\u00a0\u00a0\u00a0\u00a0\u00a0\u00a0\u00a0\u00a0\u00a0\u00a0\u00a0\u00a0\u00a0\u00a0\u00a0 301 Andersson, Hamneda 103 G\u00f6thner, Ockelbo\u00a0\u00a0\u00a0\u00a0\u00a0\u00a0\u00a0\u00a0\u00a0\u00a0\u00a0\u00a0\u00a0\u00a0\u00a0\u00a0\u00a0\u00a0\u00a0\u00a0 202 Tielinen,\u00a0V\u00e4ster\u00e5s\u00a0\u00a0\u00a0\u00a0\u00a0\u00a0\u00a0\u00a0\u00a0\u00a0\u00a0\u00a0\u00a0\u00a0302 Holmgren, J\u00f6nk\u00f6ping 104 Liljehammar, Arboga\u00a0\u00a0\u00a0\u00a0\u00a0\u00a0\u00a0\u00a0\u00a0\u00a0\u00a0\u00a0\u00a0\u00a0\u00a0 203 Oppenheim, G\u00f6teborg\u00a0\u00a0\u00a0\u00a0\u00a0\u00a0\u00a0\u00a0 303 Lindberg, J\u00f6nk\u00f6ping 105 Nor\u00e9n, Arboga\u00a0\u00a0\u00a0\u00a0\u00a0\u00a0\u00a0\u00a0\u00a0\u00a0\u00a0\u00a0\u00a0\u00a0\u00a0\u00a0\u00a0\u00a0\u00a0\u00a0\u00a0\u00a0\u00a0\u00a0 204 Olsson, Stockholm\u00a0\u00a0\u00a0\u00a0\u00a0\u00a0\u00a0\u00a0\u00a0\u00a0\u00a0\u00a0 304 Edgren, J\u00f6nk\u00f6ping 107 Johansson, Falk\u00f6ping\u00a0\u00a0\u00a0\u00a0\u00a0\u00a0\u00a0\u00a0\u00a0\u00a0\u00a0\u00a0\u00a0\u00a0 206 Jansson, \u00d6rebro\u00a0\u00a0\u00a0\u00a0\u00a0\u00a0\u00a0\u00a0\u00a0\u00a0\u00a0\u00a0\u00a0\u00a0\u00a0\u00a0\u00a0305 Kruse, Bj\u00f6rstorp 109 [&hellip;]<\/p>\n","protected":false},"author":1,"featured_media":0,"parent":2,"menu_order":1,"comment_status":"closed","ping_status":"closed","template":"","meta":{"footnotes":""},"class_list":["post-347","page","type-page","status-publish","hentry"],"_links":{"self":[{"href":"https:\/\/www.fjs1970.se\/index.php?rest_route=\/wp\/v2\/pages\/347","targetHints":{"allow":["GET"]}}],"collection":[{"href":"https:\/\/www.fjs1970.se\/index.php?rest_route=\/wp\/v2\/pages"}],"about":[{"href":"https:\/\/www.fjs1970.se\/index.php?rest_route=\/wp\/v2\/types\/page"}],"author":[{"embeddable":true,"href":"https:\/\/www.fjs1970.se\/index.php?rest_route=\/wp\/v2\/users\/1"}],"replies":[{"embeddable":true,"href":"https:\/\/www.fjs1970.se\/index.php?rest_route=%2Fwp%2Fv2%2Fcomments&post=347"}],"version-history":[{"count":91,"href":"https:\/\/www.fjs1970.se\/index.php?rest_route=\/wp\/v2\/pages\/347\/revisions"}],"predecessor-version":[{"id":12782,"href":"https:\/\/www.fjs1970.se\/index.php?rest_route=\/wp\/v2\/pages\/347\/revisions\/12782"}],"up":[{"embeddable":true,"href":"https:\/\/www.fjs1970.se\/index.php?rest_route=\/wp\/v2\/pages\/2"}],"wp:attachment":[{"href":"https:\/\/www.fjs1970.se\/index.php?rest_route=%2Fwp%2Fv2%2Fmedia&parent=347"}],"curies":[{"name":"wp","href":"https:\/\/api.w.org\/{rel}","templated":true}]}}