{"id":315,"date":"2009-12-20T20:30:01","date_gmt":"2009-12-20T19:30:01","guid":{"rendered":"http:\/\/www.fjs1970.se\/?page_id=315"},"modified":"2013-03-14T12:51:36","modified_gmt":"2013-03-14T11:51:36","slug":"kommande-fjs-dag","status":"publish","type":"page","link":"https:\/\/www.fjs1970.se\/?page_id=315","title":{"rendered":"FJS-dag 2010, 40-\u00e5rs jub."},"content":{"rendered":"<p><strong><img loading=\"lazy\" decoding=\"async\" class=\"alignnone size-full wp-image-802\" title=\"m\u00e4rket \u00f6rnen\" alt=\"\" src=\"http:\/\/www.fjs1970.se\/wp-content\/uploads\/2009\/12\/fjs_m601.jpg\" width=\"65\" height=\"38\" \/><\/strong><\/p>\n<p>&nbsp;<\/p>\n<p><img loading=\"lazy\" decoding=\"async\" class=\"alignnone size-full wp-image-5104\" title=\"FJS GU 70-71 40 \u00e5r 016\" alt=\"\" src=\"http:\/\/www.fjs1970.se\/wp-content\/uploads\/2010\/05\/FJS-GU-70-71-40-\u00e5r-016.jpg\" width=\"640\" height=\"326\" srcset=\"https:\/\/www.fjs1970.se\/wp-content\/uploads\/2010\/05\/FJS-GU-70-71-40-\u00e5r-016.jpg 640w, https:\/\/www.fjs1970.se\/wp-content\/uploads\/2010\/05\/FJS-GU-70-71-40-\u00e5r-016-300x152.jpg 300w\" sizes=\"auto, (max-width: 640px) 100vw, 640px\" \/><\/p>\n<h1>1970 \u00e5rs j\u00e4gare satte rekord<\/h1>\n<h5>&#8211; med lite vilja, tj\u00f6t, uth\u00e5llighet och ny teknik<\/h5>\n<p><strong><em>De hade en vilja att \u00e5tersamlas. De rekade platsen. De slog till och bokade hela vandrarhemmet ett \u00e5r i f\u00f6rv\u00e4g. Den ene satt eldvakt och skapade en tjusig hemsida medan den andre var ute och sp\u00e5rade alla gubbars e-post. Resultatet blev ett sv\u00e5rslaget rekord och en lyckligt gr\u00e5tande j\u00e4gare.<\/em><\/strong><\/p>\n<p><strong><em><span style=\"color: #e6c192;\">.<\/span><\/em><\/strong><\/p>\n<p>39 \u00e5r kan f\u00f6r\u00e4ndra m\u00e4nniskan. Det kunde sl\u00e5s fast d\u00e5 1970 \u00e5rs j\u00e4gare \u00e5tersamlades i Karlsborg den historiska helgen 28- 30 maj.<\/p>\n<p>Men f\u00f6r det mesta sker f\u00f6r\u00e4ndringen bara till utseendet. S\u00e5 fort n\u00e5gon \u00e4nnu ok\u00e4nd, omd\u00f6pt eller bra kamouflerad lumparkompis \u00f6ppnade munnen var han avsl\u00f6jad; du \u00e4r ju 146 Ranebo!<\/p>\n<p>Under helgens f\u00f6rsta timmar kom det ocks\u00e5 fram att alla hade ett f\u00f6rnamn, ofta Anders, Lars eller Peter.<\/p>\n<p>Men mest fantastiskt var nog \u00e4nd\u00e5 det faktum att alla gubbar till synes utan st\u00f6rre sv\u00e5righeter kunde \u00e5teruppta det samtal som avbrutits 39 \u00e5r tidigare. Hade tiden st\u00e5tt still eller \u00e4r j\u00e4garandan verkligen s\u00e5 speciell som vissa p\u00e5st\u00e5r?<\/p>\n<p>Enligt 303 Patrik fr\u00e5n Sorsele \u00e4r den det: \u201dI vilket annat sammanhang kryper tv\u00e5 karla-karlar tillsammans ner i en bl\u00f6t sovs\u00e4ck? Efter det har man inga hemligheter.\u201d N\u00e5gra inledande \u00f6l p\u00e5 Vita sk\u00e4rmen kan ocks\u00e5 ha bidragit till att lossa tungorna\u2026<\/p>\n<p>Sj\u00e4lv tyckte jag att vi var t\u00e4mligen v\u00e4lbevarade efter 60 \u00e5r i livet. Men lite tveksam blev jag p\u00e5 fredagskv\u00e4llen d\u00e5 vi gled (?) in i den fortfarande s\u00e5gsp\u00e5nsbekl\u00e4dda hopphallen.<\/p>\n<p>D\u00e4r hade 218 Kr\u00f6gar-Nisse bullat upp med en uts\u00f6kt italiensk j\u00e4garbuff\u00e9 som inte stod den frystorkade korvgrytan l\u00e5ngt efter. Dessa kulinariska r\u00e4tter \u2013 och tillh\u00f6rande drycker \u2013 hade \u00e4ven lockat m\u00e5nga av v\u00e5ra tidigare bef\u00e4l. De <span style=\"text-decoration: underline;\">hoppade<\/span> \u00f6ver den h\u00f6ga tr\u00f6skeln som vi andra med lite m\u00f6da klev \u00f6ver.<\/p>\n<p>Enligt den \u2013 trots ny h\u00f6ftled \u2013 st\u00e4ndigt unge \u00f6verfuriren Lago-Lennkvist var det f\u00f6rsta g\u00e5ngen under hans 40 \u00e5r p\u00e5 FJS som det serverats annat \u00e4n svett, svordomar, s\u00e5gsp\u00e5n och svidande fotsulor i hopphallen.<\/p>\n<p>Den lite baktunga l\u00f6rdagen inneh\u00f6ll ett digert program som l\u00e4nge tvingade oss till viss \u00e5terh\u00e5llsamhet d\u00e5 det g\u00e4llde v\u00e4tskebalansen. 138 H\u00e5kan skulle absolut \u00e5terse hinderbanan. Bedr\u00f6vade lufsade vi d\u00e4rifr\u00e5n och konstaterade att reglerna hade \u00e4ndrats; lejongropen var djupare och irl\u00e4ndska bordet var b\u00e5de h\u00f6gre och bredare \u00e4n vi mindes.<\/p>\n<p>Lika f\u00f6rv\u00e5nad blev 144 Kim d\u00e5 det tog 14 minuter att promenera den 1 000-metersstig p\u00e5 Van\u00e4s udde som han tidigare sprungit p\u00e5 3 minuter blankt!<\/p>\n<p>\u00c4ven det nya hopptornet, som byggts vid det gamla l\u00e4gret, hade blivit h\u00f6gre. Men det var inget som hindrade 148 Anders med flera fr\u00e5n att testa och konstatera att takterna satt i. S\u00e5 \u00e4ven hos 239 Peter och 306 Bengt som fick f\u00f6lja med som ballast under ett av l\u00f6rdagens uppvisningshopp fr\u00e5n 4\u00a0000 meters h\u00f6jd. Perfekta st\u00e5ende landningar p\u00e5 b\u00e5da!<\/p>\n<p>Helgens stora h\u00f6jdpunkt var annars avl\u00e4mningen till skolchefen. N\u00e5gra skulle f\u00e5 sina gyllene \u00f6rnar och n\u00e5gon annan det Stora tj\u00f6tapriset.<\/p>\n<p>D\u00e4r stod alla \u00e5rskullar uppradade p\u00e5 den gamla paradplatsen, fr\u00e5n de tv\u00e5 rollatorst\u00f6dda farbr\u00f6derna fr\u00e5n 1952 till de sista (?) v\u00e4rnpliktiga j\u00e4garna fr\u00e5n 2010. N\u00e4r 337 Rutger anm\u00e4lde \u201d\u00e5rskull 70, 70 n\u00e4rvarande\u201d blev det f\u00f6rst alldeles tyst i de \u00f6vriga leden och i publiken. Tystnaden f\u00f6ljdes av ett stilla sorl \u201dh\u00f6rde jag r\u00e4tt?\u201d, och d\u00e4refter blev det b\u00e5de jubel och appl\u00e5der! Vi k\u00e4nde oss \u00e5terigen som n\u00e5gon sa \u201dflest, goast och vackrast\u201d.<\/p>\n<p>Sedan blev det allvar. Det var dags att dela ut Stora tj\u00f6tapriset. Detta nya pris var instiftat och skapat av den numera \u00f6rnfotograferande 113 Sture. P\u00e5 baksidan av den l\u00e4ckra bilden hade s\u00e5v\u00e4l vi gubbar som v\u00e5ra bef\u00e4l skrivit sina namn.<\/p>\n<p>201 Svante var den givne mottagaren. Han var motorn i det g\u00e4ng som l\u00e5g bakom \u00e5tersamlingen och rekordslakten. I skogen f\u00f6r 40 \u00e5r sedan var det sv\u00e5rt att kn\u00e4cka 201:an, men nu rullade minst ett par lyckot\u00e5rar p\u00e5 hans kinder.<\/p>\n<p>Vi andra k\u00e4nde oss sj\u00e4lvklart delaktiga i rekordet och ingen gl\u00f6mde bort att tacka \u00e4ven 320 Cennet som varit motorns br\u00e4nslekammare.<\/p>\n<p>Det hurrades, togs gruppbilder som kr\u00e4vde vidvinkel och det dracks \u00f6l p\u00e5 Vita sk\u00e4rmen som aldrig f\u00f6rr \u2013 nu hade ju de flesta den r\u00e5d vi en g\u00e5ng saknade.<\/p>\n<p>Solen s\u00e4nkte sig och fyrverkeriet steg till v\u00e4ders. N\u00e4r det sedan var dags att \u00e5ka hem visste vi alla en sak; det h\u00e4r g\u00f6r vi om om fem \u00e5r. \u201dAlldeles f\u00f6r kul f\u00f6r att v\u00e4nta i tio \u00e5r\u201d.<\/p>\n<p><span style=\"color: #e6c192;\">.<\/span><\/p>\n<p>Vid pennan:<\/p>\n<h2>G. Banander,<\/h2>\n<p>redakt\u00f6r f\u00f6r \u00d6rnen 1970-71, h\u00e5gkommen och avsl\u00f6jad av 304 Lars som varande 135 Peter.<\/p>\n<p><span style=\"color: #e6c192;\">.<\/span><\/p>\n<p><strong>Fotnot 1:<\/strong> Tj\u00f6ta \u00e4r G\u00f6teborgsslang och kan betyda sm\u00e5prata, tjata eller traggla\/prata f\u00f6r mycket om n\u00e5got.<\/p>\n<p><strong>Fotnot 2:<\/strong> Det finns ingen officiell statistik, men vi utg\u00e5r fr\u00e5n att v\u00e5rt rekord \u00e4r rekord till dess motsatsen bevisas.<\/p>\n<p><span style=\"color: #e6c192;\">.<\/span><\/p>\n<h4>\u00c5rets undringar:<\/h4>\n<p>Det tj\u00f6tades en del om de f\u00e5 som inte kom. Hur m\u00e5nga kilometer kunde till exempel 107 Johansson springa med en kilometertid p\u00e5 3 minuter? Var det sant att 140 Arvidsson numera var en del av Sveriges hemliga arm\u00e9? P\u00e5 vilket s\u00e4tt och varf\u00f6r f\u00f6rsvann 110 Brunner fr\u00e5n FJS?<\/p>\n<h4>\u00c5rets avsl\u00f6jande 1:<\/h4>\n<p>N\u00e4r 337 Rutger ville stanna kvar p\u00e5 FJS och bli bef\u00e4l, s\u00e5 var v\u00e5ra bef\u00e4l mycket tveksamma till detta. Nu vet vi varf\u00f6r; Rutger kom s\u00e5 sm\u00e5ningom inte bara ifatt utan ocks\u00e5 f\u00f6rbi v\u00e5ra bef\u00e4l i rang!<\/p>\n<h4>\u00c5rets avsl\u00f6jande 2:<\/h4>\n<p>L\u00f6jtnant Sp\u00e5ng gillade varken kapten \u00d6sterbloms v\u00e5ta sands\u00e4ckar eller sm\u00e5furirernas order om spr\u00e5ngmarsch till matsalen. \u201dMan ska inte beh\u00f6va vara genomsvett f\u00f6r att \u00e4ta.\u201d<\/p>\n<h4>\u00c5rets \u00f6verlevare:<\/h4>\n<p>70-\u00e5rige fanjunkare Persson var nyligen ute och f\u00e4llde tr\u00e4d med motors\u00e5g (Har han tacklat av?). Han kl\u00e4mdes mellan ett fast och det fallande tr\u00e4det. Intryckt kindben, brutet nyckelben och ett otal kn\u00e4ckta revben blev f\u00f6ljden<strong>.<\/strong><\/p>\n<p>Eftersom han nu s\u00e5g lika fr\u00e4sch ut som vanligt p\u00e5 70-talet, blev vi lite f\u00f6rv\u00e5nade d\u00e5 han ber\u00e4ttade att detta h\u00e4nt bara tv\u00e5 m\u00e5nader tidigare! Mer f\u00f6rv\u00e5nad blev l\u00e4karen som trodde han f\u00e5tt fel persons journal med sig d\u00e5 han s\u00e5g Perssons f\u00f6delsenummer.<\/p>\n<p><span style=\"color: #e6c192;\">.<\/span><\/p>\n<h1 style=\"text-align: center;\">\u25ca<\/h1>\n<p>&nbsp;<\/p>\n","protected":false},"excerpt":{"rendered":"<p>&nbsp; 1970 \u00e5rs j\u00e4gare satte rekord &#8211; med lite vilja, tj\u00f6t, uth\u00e5llighet och ny teknik De hade en vilja att \u00e5tersamlas. De rekade platsen. De slog till och bokade hela vandrarhemmet ett \u00e5r i f\u00f6rv\u00e4g. Den ene satt eldvakt och skapade en tjusig hemsida medan den andre var ute och sp\u00e5rade alla gubbars e-post. Resultatet [&hellip;]<\/p>\n","protected":false},"author":1,"featured_media":0,"parent":311,"menu_order":13,"comment_status":"closed","ping_status":"closed","template":"","meta":{"footnotes":""},"class_list":["post-315","page","type-page","status-publish","hentry"],"_links":{"self":[{"href":"https:\/\/www.fjs1970.se\/index.php?rest_route=\/wp\/v2\/pages\/315","targetHints":{"allow":["GET"]}}],"collection":[{"href":"https:\/\/www.fjs1970.se\/index.php?rest_route=\/wp\/v2\/pages"}],"about":[{"href":"https:\/\/www.fjs1970.se\/index.php?rest_route=\/wp\/v2\/types\/page"}],"author":[{"embeddable":true,"href":"https:\/\/www.fjs1970.se\/index.php?rest_route=\/wp\/v2\/users\/1"}],"replies":[{"embeddable":true,"href":"https:\/\/www.fjs1970.se\/index.php?rest_route=%2Fwp%2Fv2%2Fcomments&post=315"}],"version-history":[{"count":49,"href":"https:\/\/www.fjs1970.se\/index.php?rest_route=\/wp\/v2\/pages\/315\/revisions"}],"predecessor-version":[{"id":11666,"href":"https:\/\/www.fjs1970.se\/index.php?rest_route=\/wp\/v2\/pages\/315\/revisions\/11666"}],"up":[{"embeddable":true,"href":"https:\/\/www.fjs1970.se\/index.php?rest_route=\/wp\/v2\/pages\/311"}],"wp:attachment":[{"href":"https:\/\/www.fjs1970.se\/index.php?rest_route=%2Fwp%2Fv2%2Fmedia&parent=315"}],"curies":[{"name":"wp","href":"https:\/\/api.w.org\/{rel}","templated":true}]}}