{"id":311,"date":"2009-12-20T20:21:28","date_gmt":"2009-12-20T19:21:28","guid":{"rendered":"http:\/\/www.fjs1970.se\/?page_id=311"},"modified":"2011-03-27T16:25:56","modified_gmt":"2011-03-27T14:25:56","slug":"tidigare-fjs-dagar","status":"publish","type":"page","link":"https:\/\/www.fjs1970.se\/?page_id=311","title":{"rendered":"FJS-dag"},"content":{"rendered":"<p><strong><img loading=\"lazy\" decoding=\"async\" class=\"alignnone size-full wp-image-802\" title=\"m\u00e4rket \u00f6rnen\" src=\"http:\/\/www.fjs1970.se\/wp-content\/uploads\/2009\/12\/fjs_m601.jpg\" alt=\"\" width=\"65\" height=\"38\" \/><\/strong><\/p>\n<p><strong> <\/strong><\/p>\n<h5>FJS-dag arrangeras \u00e5rligen i Karlsborg<\/h5>\n<div id=\"attachment_1534\" style=\"width: 619px\" class=\"wp-caption alignnone\"><img loading=\"lazy\" decoding=\"async\" aria-describedby=\"caption-attachment-1534\" class=\"size-full wp-image-1534\" title=\"FJS-dag 1970 Flugebyn\" src=\"http:\/\/www.fjs1970.se\/wp-content\/uploads\/2009\/12\/FJS-dag-1970-2.jpg\" alt=\"\" width=\"609\" height=\"370\" srcset=\"https:\/\/www.fjs1970.se\/wp-content\/uploads\/2009\/12\/FJS-dag-1970-2.jpg 609w, https:\/\/www.fjs1970.se\/wp-content\/uploads\/2009\/12\/FJS-dag-1970-2-300x182.jpg 300w\" sizes=\"auto, (max-width: 609px) 100vw, 609px\" \/><p id=\"caption-attachment-1534\" class=\"wp-caption-text\">FJS-dag 1970 Flugebyn<\/p><\/div>\n<p><strong> <\/strong><\/p>\n<p><strong>FJS-dag \u00e4r ett trevligt\u00a0tillf\u00e4lle f\u00f6r m\u00f6ten mellan yngre och \u00e4ldre fallsk\u00e4rmsj\u00e4gare. Inneliggande \u00e5rskull brukar f\u00f6revisa sina f\u00e4rdigheter i hopphall, hopptorn, f\u00f6rberedelser f\u00f6r\u00a0och\u00a0naturligtvis \u00e4ven sj\u00e4lva hoppet.<\/strong><\/p>\n<p><strong>P\u00e5 l\u00f6rdagskv\u00e4llen \u00e4r det gemensam uppst\u00e4llning i gamla l\u00e4gret f\u00f6ljt av trevligt umg\u00e4nge. Sk\u00e4rmen \u00e4r \u00f6ppen\u00a0med f\u00f6rs\u00e4ljning av dricka och tilltugg.\u00a0Vanligtvis tr\u00e4ffas flera hundra fallsk\u00e4rmsj\u00e4gare och st\u00e4mmningen \u00e4r gemytlig.<\/strong><\/p>\n<p><strong> <\/strong><\/p>\n<p><strong>FJS-dag 1970 var ett j\u00e4ttelikt arrangemang med n\u00e4stan 10.000 bes\u00f6kare. Aktiviteter tilldrog sig b\u00e5de p\u00e5 Flugebyn och inne i Karlsborg. P\u00e5 Flugebyn gjorde vi hopp, eld\u00f6verfall p\u00e5 robotbas och diverse andra spektakul\u00e4ra uppvisningar. H\u00e4rlig st\u00e4mmning och mycket cirkus var det.<\/strong><\/p>\n<p><strong>Bilden ovan visar en utslagen fientlig robotbas efter v\u00e4l genomf\u00f6rd raid av rappa fallsk\u00e4rmsj\u00e4gare p\u00e5 Flugebyn 1970.<\/strong><\/p>\n<p><strong> <\/strong><\/p>\n<h1 style=\"text-align: center;\">\u25ca<\/h1>\n","protected":false},"excerpt":{"rendered":"<p>FJS-dag arrangeras \u00e5rligen i Karlsborg FJS-dag \u00e4r ett trevligt\u00a0tillf\u00e4lle f\u00f6r m\u00f6ten mellan yngre och \u00e4ldre fallsk\u00e4rmsj\u00e4gare. Inneliggande \u00e5rskull brukar f\u00f6revisa sina f\u00e4rdigheter i hopphall, hopptorn, f\u00f6rberedelser f\u00f6r\u00a0och\u00a0naturligtvis \u00e4ven sj\u00e4lva hoppet. P\u00e5 l\u00f6rdagskv\u00e4llen \u00e4r det gemensam uppst\u00e4llning i gamla l\u00e4gret f\u00f6ljt av trevligt umg\u00e4nge. Sk\u00e4rmen \u00e4r \u00f6ppen\u00a0med f\u00f6rs\u00e4ljning av dricka och tilltugg.\u00a0Vanligtvis tr\u00e4ffas flera hundra fallsk\u00e4rmsj\u00e4gare [&hellip;]<\/p>\n","protected":false},"author":1,"featured_media":0,"parent":0,"menu_order":3,"comment_status":"closed","ping_status":"closed","template":"","meta":{"footnotes":""},"class_list":["post-311","page","type-page","status-publish","hentry"],"_links":{"self":[{"href":"https:\/\/www.fjs1970.se\/index.php?rest_route=\/wp\/v2\/pages\/311","targetHints":{"allow":["GET"]}}],"collection":[{"href":"https:\/\/www.fjs1970.se\/index.php?rest_route=\/wp\/v2\/pages"}],"about":[{"href":"https:\/\/www.fjs1970.se\/index.php?rest_route=\/wp\/v2\/types\/page"}],"author":[{"embeddable":true,"href":"https:\/\/www.fjs1970.se\/index.php?rest_route=\/wp\/v2\/users\/1"}],"replies":[{"embeddable":true,"href":"https:\/\/www.fjs1970.se\/index.php?rest_route=%2Fwp%2Fv2%2Fcomments&post=311"}],"version-history":[{"count":44,"href":"https:\/\/www.fjs1970.se\/index.php?rest_route=\/wp\/v2\/pages\/311\/revisions"}],"predecessor-version":[{"id":7550,"href":"https:\/\/www.fjs1970.se\/index.php?rest_route=\/wp\/v2\/pages\/311\/revisions\/7550"}],"wp:attachment":[{"href":"https:\/\/www.fjs1970.se\/index.php?rest_route=%2Fwp%2Fv2%2Fmedia&parent=311"}],"curies":[{"name":"wp","href":"https:\/\/api.w.org\/{rel}","templated":true}]}}