{"id":277,"date":"2009-12-20T19:47:51","date_gmt":"2009-12-20T18:47:51","guid":{"rendered":"http:\/\/www.fjs1970.se\/?page_id=277"},"modified":"2010-02-08T10:22:53","modified_gmt":"2010-02-08T09:22:53","slug":"bilder-7071","status":"publish","type":"page","link":"https:\/\/www.fjs1970.se\/?page_id=277","title":{"rendered":"Bilder, andra pluton"},"content":{"rendered":"<p><img loading=\"lazy\" decoding=\"async\" class=\"alignnone size-full wp-image-802\" title=\"m\u00e4rket \u00f6rnen\" src=\"http:\/\/www.fjs1970.se\/wp-content\/uploads\/2009\/12\/fjs_m601.jpg\" alt=\"\" width=\"65\" height=\"38\" \/>\u00a0<\/p>\n<p><span style=\"color: #cdbda1;\">.<\/span><\/p>\n<h5><span style=\"color: #000080;\">De bl\u00e5 dj\u00e4vlarna<\/span><\/h5>\n<div id=\"attachment_585\" style=\"width: 673px\" class=\"wp-caption aligncenter\"><a href=\"http:\/\/www.fjs1970.se\/wp-content\/uploads\/2009\/12\/Foto-2a-pluton-med-namn-FJS-70-71.jpg\"><img loading=\"lazy\" decoding=\"async\" aria-describedby=\"caption-attachment-585\" class=\"size-full wp-image-585\" title=\"FJS andra pluton 1970\/71\" src=\"http:\/\/www.fjs1970.se\/wp-content\/uploads\/2009\/12\/Foto-2a-pluton-med-namn-FJS-70-71.jpg\" alt=\"FJS andra pluton 1970\/71\" width=\"663\" height=\"352\" \/><\/a><p id=\"caption-attachment-585\" class=\"wp-caption-text\">FJS andra pluton 1970\/71<\/p><\/div>\n<p><a rel=\"attachment wp-att-283\" href=\"http:\/\/www.fjs1970.se\/?attachment_id=283\"><\/a><\/p>\n\n\t\t<style type=\"text\/css\">\n\t\t\t#gallery-1 {\n\t\t\t\tmargin: auto;\n\t\t\t}\n\t\t\t#gallery-1 .gallery-item {\n\t\t\t\tfloat: left;\n\t\t\t\tmargin-top: 10px;\n\t\t\t\ttext-align: center;\n\t\t\t\twidth: 25%;\n\t\t\t}\n\t\t\t#gallery-1 img {\n\t\t\t\tborder: 2px solid #cfcfcf;\n\t\t\t}\n\t\t\t#gallery-1 .gallery-caption {\n\t\t\t\tmargin-left: 0;\n\t\t\t}\n\t\t\t\/* see gallery_shortcode() in wp-includes\/media.php *\/\n\t\t<\/style>\n\t\t<div id='gallery-1' class='gallery galleryid-277 gallery-columns-4 gallery-size-thumbnail'><dl class='gallery-item'>\n\t\t\t<dt class='gallery-icon landscape'>\n\t\t\t\t<a href='https:\/\/www.fjs1970.se\/wp-content\/uploads\/2009\/12\/FJS-Bild-5.jpg'><img loading=\"lazy\" decoding=\"async\" width=\"150\" height=\"150\" src=\"https:\/\/www.fjs1970.se\/wp-content\/uploads\/2009\/12\/FJS-Bild-5-150x150.jpg\" class=\"attachment-thumbnail size-thumbnail\" alt=\"F\u00f6rsta luckan p\u00e5 andra pluton\" \/><\/a>\n\t\t\t<\/dt><\/dl><dl class='gallery-item'>\n\t\t\t<dt class='gallery-icon landscape'>\n\t\t\t\t<a href='https:\/\/www.fjs1970.se\/wp-content\/uploads\/2009\/12\/FJS-Bild-3.jpg'><img loading=\"lazy\" decoding=\"async\" width=\"150\" height=\"150\" src=\"https:\/\/www.fjs1970.se\/wp-content\/uploads\/2009\/12\/FJS-Bild-3-150x150.jpg\" class=\"attachment-thumbnail size-thumbnail\" alt=\"Larsson, G\u00f6thner, Karlsson, Larsson och Oppenheim\" \/><\/a>\n\t\t\t<\/dt><\/dl><dl class='gallery-item'>\n\t\t\t<dt class='gallery-icon landscape'>\n\t\t\t\t<a href='https:\/\/www.fjs1970.se\/wp-content\/uploads\/2009\/12\/FJS-Bild-10.jpg'><img loading=\"lazy\" decoding=\"async\" width=\"150\" height=\"150\" src=\"https:\/\/www.fjs1970.se\/wp-content\/uploads\/2009\/12\/FJS-Bild-10-150x150.jpg\" class=\"attachment-thumbnail size-thumbnail\" alt=\"Oppenheim och Olsson\" \/><\/a>\n\t\t\t<\/dt><\/dl><dl class='gallery-item'>\n\t\t\t<dt class='gallery-icon landscape'>\n\t\t\t\t<a href='https:\/\/www.fjs1970.se\/wp-content\/uploads\/2009\/12\/FJS-Bild-20.jpg'><img loading=\"lazy\" decoding=\"async\" width=\"150\" height=\"150\" src=\"https:\/\/www.fjs1970.se\/wp-content\/uploads\/2009\/12\/FJS-Bild-20-150x150.jpg\" class=\"attachment-thumbnail size-thumbnail\" alt=\"Olsson och Karlsson\" \/><\/a>\n\t\t\t<\/dt><\/dl><br style=\"clear: both\" \/><dl class='gallery-item'>\n\t\t\t<dt class='gallery-icon landscape'>\n\t\t\t\t<a href='https:\/\/www.fjs1970.se\/wp-content\/uploads\/2009\/12\/FJS-Bild-23.jpg'><img loading=\"lazy\" decoding=\"async\" width=\"150\" height=\"150\" src=\"https:\/\/www.fjs1970.se\/wp-content\/uploads\/2009\/12\/FJS-Bild-23-150x150.jpg\" class=\"attachment-thumbnail size-thumbnail\" alt=\"1:a grupp p\u00e5 andra pluton\" \/><\/a>\n\t\t\t<\/dt><\/dl><dl class='gallery-item'>\n\t\t\t<dt class='gallery-icon landscape'>\n\t\t\t\t<a href='https:\/\/www.fjs1970.se\/wp-content\/uploads\/2009\/12\/FJS-Bild-25.jpg'><img loading=\"lazy\" decoding=\"async\" width=\"150\" height=\"150\" src=\"https:\/\/www.fjs1970.se\/wp-content\/uploads\/2009\/12\/FJS-Bild-25-150x150.jpg\" class=\"attachment-thumbnail size-thumbnail\" alt=\"Naturbild\" \/><\/a>\n\t\t\t<\/dt><\/dl><dl class='gallery-item'>\n\t\t\t<dt class='gallery-icon landscape'>\n\t\t\t\t<a href='https:\/\/www.fjs1970.se\/wp-content\/uploads\/2009\/12\/FJS-Bild-17.jpg'><img loading=\"lazy\" decoding=\"async\" width=\"150\" height=\"150\" src=\"https:\/\/www.fjs1970.se\/wp-content\/uploads\/2009\/12\/FJS-Bild-17-150x150.jpg\" class=\"attachment-thumbnail size-thumbnail\" alt=\"Abrahamsson mot hopp\" \/><\/a>\n\t\t\t<\/dt><\/dl><dl class='gallery-item'>\n\t\t\t<dt class='gallery-icon portrait'>\n\t\t\t\t<a href='https:\/\/www.fjs1970.se\/wp-content\/uploads\/2009\/12\/FJS-Bild-14.jpg'><img loading=\"lazy\" decoding=\"async\" width=\"150\" height=\"150\" src=\"https:\/\/www.fjs1970.se\/wp-content\/uploads\/2009\/12\/FJS-Bild-14-150x150.jpg\" class=\"attachment-thumbnail size-thumbnail\" alt=\"\u00d6fu Kuoppala inspekterar innan hopp\" \/><\/a>\n\t\t\t<\/dt><\/dl><br style=\"clear: both\" \/><dl class='gallery-item'>\n\t\t\t<dt class='gallery-icon landscape'>\n\t\t\t\t<a href='https:\/\/www.fjs1970.se\/wp-content\/uploads\/2009\/12\/FJS-Bild-12.jpg'><img loading=\"lazy\" decoding=\"async\" width=\"150\" height=\"150\" src=\"https:\/\/www.fjs1970.se\/wp-content\/uploads\/2009\/12\/FJS-Bild-12-150x150.jpg\" class=\"attachment-thumbnail size-thumbnail\" alt=\"Pettersson mot hopp\" \/><\/a>\n\t\t\t<\/dt><\/dl><dl class='gallery-item'>\n\t\t\t<dt class='gallery-icon landscape'>\n\t\t\t\t<a href='https:\/\/www.fjs1970.se\/wp-content\/uploads\/2009\/12\/FJS-Bild-8.jpg'><img loading=\"lazy\" decoding=\"async\" width=\"150\" height=\"150\" src=\"https:\/\/www.fjs1970.se\/wp-content\/uploads\/2009\/12\/FJS-Bild-8-150x150.jpg\" class=\"attachment-thumbnail size-thumbnail\" alt=\"Rustm Bergenland\" \/><\/a>\n\t\t\t<\/dt><\/dl><dl class='gallery-item'>\n\t\t\t<dt class='gallery-icon portrait'>\n\t\t\t\t<a href='https:\/\/www.fjs1970.se\/wp-content\/uploads\/2009\/12\/FJS-Bild-9.jpg'><img loading=\"lazy\" decoding=\"async\" width=\"150\" height=\"150\" src=\"https:\/\/www.fjs1970.se\/wp-content\/uploads\/2009\/12\/FJS-Bild-9-150x150.jpg\" class=\"attachment-thumbnail size-thumbnail\" alt=\"Lila PV:n efter kollision\" \/><\/a>\n\t\t\t<\/dt><\/dl><dl class='gallery-item'>\n\t\t\t<dt class='gallery-icon landscape'>\n\t\t\t\t<a href='https:\/\/www.fjs1970.se\/wp-content\/uploads\/2009\/12\/FJS-Bild-16.jpg'><img loading=\"lazy\" decoding=\"async\" width=\"150\" height=\"150\" src=\"https:\/\/www.fjs1970.se\/wp-content\/uploads\/2009\/12\/FJS-Bild-16-150x150.jpg\" class=\"attachment-thumbnail size-thumbnail\" alt=\"Lila PV:n efter kollision\" \/><\/a>\n\t\t\t<\/dt><\/dl><br style=\"clear: both\" \/><dl class='gallery-item'>\n\t\t\t<dt class='gallery-icon landscape'>\n\t\t\t\t<a href='https:\/\/www.fjs1970.se\/wp-content\/uploads\/2009\/12\/FJS-Bild-13.jpg'><img loading=\"lazy\" decoding=\"async\" width=\"150\" height=\"150\" src=\"https:\/\/www.fjs1970.se\/wp-content\/uploads\/2009\/12\/FJS-Bild-13-150x150.jpg\" class=\"attachment-thumbnail size-thumbnail\" alt=\"1:a grupp andra pluton\" \/><\/a>\n\t\t\t<\/dt><\/dl><dl class='gallery-item'>\n\t\t\t<dt class='gallery-icon landscape'>\n\t\t\t\t<a href='https:\/\/www.fjs1970.se\/wp-content\/uploads\/2009\/12\/FJS-Bild-7.jpg'><img loading=\"lazy\" decoding=\"async\" width=\"150\" height=\"150\" src=\"https:\/\/www.fjs1970.se\/wp-content\/uploads\/2009\/12\/FJS-Bild-7-150x150.jpg\" class=\"attachment-thumbnail size-thumbnail\" alt=\"Andra pluton p\u00e5 v\u00e4g mot j\u00e4garveckan\" \/><\/a>\n\t\t\t<\/dt><\/dl><dl class='gallery-item'>\n\t\t\t<dt class='gallery-icon landscape'>\n\t\t\t\t<a href='https:\/\/www.fjs1970.se\/wp-content\/uploads\/2009\/12\/FJS-Bild-6.jpg'><img loading=\"lazy\" decoding=\"async\" width=\"150\" height=\"150\" src=\"https:\/\/www.fjs1970.se\/wp-content\/uploads\/2009\/12\/FJS-Bild-6-150x150.jpg\" class=\"attachment-thumbnail size-thumbnail\" alt=\"Arvidsson, Larsson, Lindqvist...\" \/><\/a>\n\t\t\t<\/dt><\/dl><dl class='gallery-item'>\n\t\t\t<dt class='gallery-icon landscape'>\n\t\t\t\t<a href='https:\/\/www.fjs1970.se\/wp-content\/uploads\/2009\/12\/FJS-Bild-18.jpg'><img loading=\"lazy\" decoding=\"async\" width=\"150\" height=\"150\" src=\"https:\/\/www.fjs1970.se\/wp-content\/uploads\/2009\/12\/FJS-Bild-18-150x150.jpg\" class=\"attachment-thumbnail size-thumbnail\" alt=\"Kiruna\" \/><\/a>\n\t\t\t<\/dt><\/dl><br style=\"clear: both\" \/><dl class='gallery-item'>\n\t\t\t<dt class='gallery-icon landscape'>\n\t\t\t\t<a href='https:\/\/www.fjs1970.se\/wp-content\/uploads\/2009\/12\/FJS-Bild-24.jpg'><img loading=\"lazy\" decoding=\"async\" width=\"150\" height=\"150\" src=\"https:\/\/www.fjs1970.se\/wp-content\/uploads\/2009\/12\/FJS-Bild-24-150x150.jpg\" class=\"attachment-thumbnail size-thumbnail\" alt=\"Vinterutbildning i Kiruna\" \/><\/a>\n\t\t\t<\/dt><\/dl><dl class='gallery-item'>\n\t\t\t<dt class='gallery-icon landscape'>\n\t\t\t\t<a href='https:\/\/www.fjs1970.se\/wp-content\/uploads\/2009\/12\/FJS-Bild-21.jpg'><img loading=\"lazy\" decoding=\"async\" width=\"150\" height=\"150\" src=\"https:\/\/www.fjs1970.se\/wp-content\/uploads\/2009\/12\/FJS-Bild-21-150x150.jpg\" class=\"attachment-thumbnail size-thumbnail\" alt=\"Larsson intrasslad\" \/><\/a>\n\t\t\t<\/dt><\/dl><dl class='gallery-item'>\n\t\t\t<dt class='gallery-icon landscape'>\n\t\t\t\t<a href='https:\/\/www.fjs1970.se\/wp-content\/uploads\/2009\/12\/FJS-Bild-2.jpg'><img loading=\"lazy\" decoding=\"async\" width=\"150\" height=\"150\" src=\"https:\/\/www.fjs1970.se\/wp-content\/uploads\/2009\/12\/FJS-Bild-2-150x150.jpg\" class=\"attachment-thumbnail size-thumbnail\" alt=\"Olsson, Larsson, Oppenheim, Tielinen och Lindqvist\" \/><\/a>\n\t\t\t<\/dt><\/dl><dl class='gallery-item'>\n\t\t\t<dt class='gallery-icon landscape'>\n\t\t\t\t<a href='https:\/\/www.fjs1970.se\/wp-content\/uploads\/2009\/12\/OPPEN-och-LARSSON.jpg'><img loading=\"lazy\" decoding=\"async\" width=\"150\" height=\"150\" src=\"https:\/\/www.fjs1970.se\/wp-content\/uploads\/2009\/12\/OPPEN-och-LARSSON-150x150.jpg\" class=\"attachment-thumbnail size-thumbnail\" alt=\"Oppen och Larsson\" \/><\/a>\n\t\t\t<\/dt><\/dl><br style=\"clear: both\" \/><dl class='gallery-item'>\n\t\t\t<dt class='gallery-icon landscape'>\n\t\t\t\t<a href='https:\/\/www.fjs1970.se\/wp-content\/uploads\/2009\/12\/GOD-JUL.jpg'><img loading=\"lazy\" decoding=\"async\" width=\"150\" height=\"150\" src=\"https:\/\/www.fjs1970.se\/wp-content\/uploads\/2009\/12\/GOD-JUL-150x150.jpg\" class=\"attachment-thumbnail size-thumbnail\" alt=\"Linkan och Svante\" \/><\/a>\n\t\t\t<\/dt><\/dl><dl class='gallery-item'>\n\t\t\t<dt class='gallery-icon landscape'>\n\t\t\t\t<a href='https:\/\/www.fjs1970.se\/wp-content\/uploads\/2009\/12\/FJS-Bild-22.jpg'><img loading=\"lazy\" decoding=\"async\" width=\"150\" height=\"150\" src=\"https:\/\/www.fjs1970.se\/wp-content\/uploads\/2009\/12\/FJS-Bild-22-150x150.jpg\" class=\"attachment-thumbnail size-thumbnail\" alt=\"Andra pluton i Kiruna\" \/><\/a>\n\t\t\t<\/dt><\/dl><dl class='gallery-item'>\n\t\t\t<dt class='gallery-icon portrait'>\n\t\t\t\t<a href='https:\/\/www.fjs1970.se\/wp-content\/uploads\/2009\/12\/FJS-Bild-19.jpg'><img loading=\"lazy\" decoding=\"async\" width=\"150\" height=\"150\" src=\"https:\/\/www.fjs1970.se\/wp-content\/uploads\/2009\/12\/FJS-Bild-19-150x150.jpg\" class=\"attachment-thumbnail size-thumbnail\" alt=\"Jansson i Kiruna\" \/><\/a>\n\t\t\t<\/dt><\/dl><dl class='gallery-item'>\n\t\t\t<dt class='gallery-icon landscape'>\n\t\t\t\t<a href='https:\/\/www.fjs1970.se\/wp-content\/uploads\/2009\/12\/FJS-Bild-15.jpg'><img loading=\"lazy\" decoding=\"async\" width=\"150\" height=\"150\" src=\"https:\/\/www.fjs1970.se\/wp-content\/uploads\/2009\/12\/FJS-Bild-15-150x150.jpg\" class=\"attachment-thumbnail size-thumbnail\" alt=\"1:a grupp p\u00e5 andra pluton i Kiruna\" \/><\/a>\n\t\t\t<\/dt><\/dl><br style=\"clear: both\" \/><dl class='gallery-item'>\n\t\t\t<dt class='gallery-icon portrait'>\n\t\t\t\t<a href='https:\/\/www.fjs1970.se\/wp-content\/uploads\/2009\/12\/FJS-Bild-11.jpg'><img loading=\"lazy\" decoding=\"async\" width=\"150\" height=\"150\" src=\"https:\/\/www.fjs1970.se\/wp-content\/uploads\/2009\/12\/FJS-Bild-11-150x150.jpg\" class=\"attachment-thumbnail size-thumbnail\" alt=\"Oppenheim och Tielinen\" \/><\/a>\n\t\t\t<\/dt><\/dl><dl class='gallery-item'>\n\t\t\t<dt class='gallery-icon landscape'>\n\t\t\t\t<a href='https:\/\/www.fjs1970.se\/wp-content\/uploads\/2009\/12\/FJS-Bild-28.jpg'><img loading=\"lazy\" decoding=\"async\" width=\"150\" height=\"150\" src=\"https:\/\/www.fjs1970.se\/wp-content\/uploads\/2009\/12\/FJS-Bild-28-150x150.jpg\" class=\"attachment-thumbnail size-thumbnail\" alt=\"Oppenheim och Tielinen\" \/><\/a>\n\t\t\t<\/dt><\/dl><dl class='gallery-item'>\n\t\t\t<dt class='gallery-icon landscape'>\n\t\t\t\t<a href='https:\/\/www.fjs1970.se\/wp-content\/uploads\/2009\/12\/FJS-Bild-1.jpg'><img loading=\"lazy\" decoding=\"async\" width=\"150\" height=\"150\" src=\"https:\/\/www.fjs1970.se\/wp-content\/uploads\/2009\/12\/FJS-Bild-1-150x150.jpg\" class=\"attachment-thumbnail size-thumbnail\" alt=\"1:a grupp andra pluton i Kiruna\" \/><\/a>\n\t\t\t<\/dt><\/dl><dl class='gallery-item'>\n\t\t\t<dt class='gallery-icon landscape'>\n\t\t\t\t<a href='https:\/\/www.fjs1970.se\/wp-content\/uploads\/2009\/12\/FJS-Bild-4.jpg'><img loading=\"lazy\" decoding=\"async\" width=\"150\" height=\"150\" src=\"https:\/\/www.fjs1970.se\/wp-content\/uploads\/2009\/12\/FJS-Bild-4-150x150.jpg\" class=\"attachment-thumbnail size-thumbnail\" alt=\"Andra pluton i Kiruna\" \/><\/a>\n\t\t\t<\/dt><\/dl><br style=\"clear: both\" \/><dl class='gallery-item'>\n\t\t\t<dt class='gallery-icon landscape'>\n\t\t\t\t<a href='https:\/\/www.fjs1970.se\/wp-content\/uploads\/2009\/12\/FJS-Bild-26.jpg'><img loading=\"lazy\" decoding=\"async\" width=\"150\" height=\"150\" src=\"https:\/\/www.fjs1970.se\/wp-content\/uploads\/2009\/12\/FJS-Bild-26-150x150.jpg\" class=\"attachment-thumbnail size-thumbnail\" alt=\"201 Larsson p\u00e5 h\u00f6gvakt\" \/><\/a>\n\t\t\t<\/dt><\/dl><dl class='gallery-item'>\n\t\t\t<dt class='gallery-icon portrait'>\n\t\t\t\t<a href='https:\/\/www.fjs1970.se\/wp-content\/uploads\/2009\/12\/FJS-Bild-27.jpg'><img loading=\"lazy\" decoding=\"async\" width=\"150\" height=\"150\" src=\"https:\/\/www.fjs1970.se\/wp-content\/uploads\/2009\/12\/FJS-Bild-27-150x150.jpg\" class=\"attachment-thumbnail size-thumbnail\" alt=\"201 Larsson p\u00e5 h\u00f6gvakt\" \/><\/a>\n\t\t\t<\/dt><\/dl>\n\t\t\t<br style='clear: both' \/>\n\t\t<\/div>\n\n<h1 style=\"text-align: center;\">\u25ca<\/h1>\n","protected":false},"excerpt":{"rendered":"<p>\u00a0 . De bl\u00e5 dj\u00e4vlarna \u25ca<\/p>\n","protected":false},"author":1,"featured_media":0,"parent":376,"menu_order":2,"comment_status":"closed","ping_status":"closed","template":"","meta":{"footnotes":""},"class_list":["post-277","page","type-page","status-publish","hentry"],"_links":{"self":[{"href":"https:\/\/www.fjs1970.se\/index.php?rest_route=\/wp\/v2\/pages\/277","targetHints":{"allow":["GET"]}}],"collection":[{"href":"https:\/\/www.fjs1970.se\/index.php?rest_route=\/wp\/v2\/pages"}],"about":[{"href":"https:\/\/www.fjs1970.se\/index.php?rest_route=\/wp\/v2\/types\/page"}],"author":[{"embeddable":true,"href":"https:\/\/www.fjs1970.se\/index.php?rest_route=\/wp\/v2\/users\/1"}],"replies":[{"embeddable":true,"href":"https:\/\/www.fjs1970.se\/index.php?rest_route=%2Fwp%2Fv2%2Fcomments&post=277"}],"version-history":[{"count":75,"href":"https:\/\/www.fjs1970.se\/index.php?rest_route=\/wp\/v2\/pages\/277\/revisions"}],"predecessor-version":[{"id":334,"href":"https:\/\/www.fjs1970.se\/index.php?rest_route=\/wp\/v2\/pages\/277\/revisions\/334"}],"up":[{"embeddable":true,"href":"https:\/\/www.fjs1970.se\/index.php?rest_route=\/wp\/v2\/pages\/376"}],"wp:attachment":[{"href":"https:\/\/www.fjs1970.se\/index.php?rest_route=%2Fwp%2Fv2%2Fmedia&parent=277"}],"curies":[{"name":"wp","href":"https:\/\/api.w.org\/{rel}","templated":true}]}}