{"id":13417,"date":"2019-10-23T09:44:43","date_gmt":"2019-10-23T07:44:43","guid":{"rendered":"http:\/\/www.fjs1970.se\/?page_id=13417"},"modified":"2019-10-23T09:44:43","modified_gmt":"2019-10-23T07:44:43","slug":"fjs-dag-2019","status":"publish","type":"page","link":"https:\/\/www.fjs1970.se\/?page_id=13417","title":{"rendered":"FJS-dag 2019"},"content":{"rendered":"<p><img loading=\"lazy\" decoding=\"async\" class=\"size-thumbnail wp-image-802 alignleft\" src=\"http:\/\/www.fjs1970.se\/wp-content\/uploads\/2009\/12\/fjs_m601-150x105.jpg\" alt=\"\" width=\"150\" height=\"105\" \/><\/p>\n<p>&nbsp;<\/p>\n<p>&nbsp;<\/p>\n<p>&nbsp;<\/p>\n<p><span style=\"color: #ffcc99;\">.<\/span><\/p>\n<p><span style=\"color: #ffcc99;\">.<\/span><\/p>\n<p><span style=\"color: #ffcc99;\">.<\/span><\/p>\n<div id=\"attachment_13377\" style=\"width: 757px\" class=\"wp-caption aligncenter\"><img loading=\"lazy\" decoding=\"async\" aria-describedby=\"caption-attachment-13377\" class=\"wp-image-13377\" src=\"http:\/\/www.fjs1970.se\/wp-content\/uploads\/2019\/09\/IMG_1203.jpg\" alt=\"\" width=\"747\" height=\"996\" srcset=\"https:\/\/www.fjs1970.se\/wp-content\/uploads\/2019\/09\/IMG_1203.jpg 960w, https:\/\/www.fjs1970.se\/wp-content\/uploads\/2019\/09\/IMG_1203-225x300.jpg 225w, https:\/\/www.fjs1970.se\/wp-content\/uploads\/2019\/09\/IMG_1203-768x1024.jpg 768w\" sizes=\"auto, (max-width: 747px) 100vw, 747px\" \/><p id=\"caption-attachment-13377\" class=\"wp-caption-text\">101 Bertil l\u00e4mnar av vid uppst\u00e4llningen. En n\u00e4rvarande.<\/p><\/div>\n<p><span style=\"color: #ffcc99;\">.<\/span><\/p>\n<p><span style=\"color: #ffcc99;\">.<\/span><\/p>\n<h1 style=\"text-align: center;\">\u25ca<\/h1>\n<p>&nbsp;<\/p>\n","protected":false},"excerpt":{"rendered":"<p>&nbsp; &nbsp; &nbsp; . . . . . \u25ca &nbsp;<\/p>\n","protected":false},"author":1,"featured_media":0,"parent":311,"menu_order":4,"comment_status":"closed","ping_status":"closed","template":"","meta":{"footnotes":""},"class_list":["post-13417","page","type-page","status-publish","hentry"],"_links":{"self":[{"href":"https:\/\/www.fjs1970.se\/index.php?rest_route=\/wp\/v2\/pages\/13417","targetHints":{"allow":["GET"]}}],"collection":[{"href":"https:\/\/www.fjs1970.se\/index.php?rest_route=\/wp\/v2\/pages"}],"about":[{"href":"https:\/\/www.fjs1970.se\/index.php?rest_route=\/wp\/v2\/types\/page"}],"author":[{"embeddable":true,"href":"https:\/\/www.fjs1970.se\/index.php?rest_route=\/wp\/v2\/users\/1"}],"replies":[{"embeddable":true,"href":"https:\/\/www.fjs1970.se\/index.php?rest_route=%2Fwp%2Fv2%2Fcomments&post=13417"}],"version-history":[{"count":7,"href":"https:\/\/www.fjs1970.se\/index.php?rest_route=\/wp\/v2\/pages\/13417\/revisions"}],"predecessor-version":[{"id":13424,"href":"https:\/\/www.fjs1970.se\/index.php?rest_route=\/wp\/v2\/pages\/13417\/revisions\/13424"}],"up":[{"embeddable":true,"href":"https:\/\/www.fjs1970.se\/index.php?rest_route=\/wp\/v2\/pages\/311"}],"wp:attachment":[{"href":"https:\/\/www.fjs1970.se\/index.php?rest_route=%2Fwp%2Fv2%2Fmedia&parent=13417"}],"curies":[{"name":"wp","href":"https:\/\/api.w.org\/{rel}","templated":true}]}}