{"id":13339,"date":"2019-05-27T11:02:20","date_gmt":"2019-05-27T09:02:20","guid":{"rendered":"http:\/\/www.fjs1970.se\/?page_id=13339"},"modified":"2019-05-27T11:02:20","modified_gmt":"2019-05-27T09:02:20","slug":"fjs-dag-2018","status":"publish","type":"page","link":"https:\/\/www.fjs1970.se\/?page_id=13339","title":{"rendered":"FJS-dag 2018"},"content":{"rendered":"<p><img loading=\"lazy\" decoding=\"async\" class=\"alignleft size-thumbnail wp-image-802\" src=\"http:\/\/www.fjs1970.se\/wp-content\/uploads\/2009\/12\/fjs_m601-150x105.jpg\" alt=\"\" width=\"150\" height=\"105\" \/><\/p>\n<p>&nbsp;<\/p>\n<p>&nbsp;<\/p>\n<p>&nbsp;<\/p>\n<p>&nbsp;<\/p>\n<p><span style=\"color: #ffcc99;\">.<\/span><\/p>\n<p><span style=\"color: #ffcc99;\">.<\/span><\/p>\n<div id=\"attachment_13215\" style=\"width: 758px\" class=\"wp-caption aligncenter\"><img loading=\"lazy\" decoding=\"async\" aria-describedby=\"caption-attachment-13215\" class=\"wp-image-13215 \" src=\"http:\/\/www.fjs1970.se\/wp-content\/uploads\/2018\/08\/IMG_4679-1024x768.jpg\" alt=\"\" width=\"748\" height=\"561\" srcset=\"https:\/\/www.fjs1970.se\/wp-content\/uploads\/2018\/08\/IMG_4679-1024x768.jpg 1024w, https:\/\/www.fjs1970.se\/wp-content\/uploads\/2018\/08\/IMG_4679-300x225.jpg 300w, https:\/\/www.fjs1970.se\/wp-content\/uploads\/2018\/08\/IMG_4679-768x576.jpg 768w, https:\/\/www.fjs1970.se\/wp-content\/uploads\/2018\/08\/IMG_4679.jpg 1280w\" sizes=\"auto, (max-width: 748px) 100vw, 748px\" \/><p id=\"caption-attachment-13215\" class=\"wp-caption-text\">Fr\u00e5n v\u00e5r \u00e5rskurs 1970\/71 var vi f\u00f6ljande n\u00e4rvarande, 101 Bertil, 136 Torkel, 208 Lennart och 201 Svante<\/p><\/div>\n<p>&nbsp;<\/p>\n<h1 style=\"text-align: center;\">\u25ca<\/h1>\n","protected":false},"excerpt":{"rendered":"<p>&nbsp; &nbsp; &nbsp; &nbsp; . . &nbsp; \u25ca<\/p>\n","protected":false},"author":1,"featured_media":0,"parent":311,"menu_order":5,"comment_status":"closed","ping_status":"closed","template":"","meta":{"footnotes":""},"class_list":["post-13339","page","type-page","status-publish","hentry"],"_links":{"self":[{"href":"https:\/\/www.fjs1970.se\/index.php?rest_route=\/wp\/v2\/pages\/13339","targetHints":{"allow":["GET"]}}],"collection":[{"href":"https:\/\/www.fjs1970.se\/index.php?rest_route=\/wp\/v2\/pages"}],"about":[{"href":"https:\/\/www.fjs1970.se\/index.php?rest_route=\/wp\/v2\/types\/page"}],"author":[{"embeddable":true,"href":"https:\/\/www.fjs1970.se\/index.php?rest_route=\/wp\/v2\/users\/1"}],"replies":[{"embeddable":true,"href":"https:\/\/www.fjs1970.se\/index.php?rest_route=%2Fwp%2Fv2%2Fcomments&post=13339"}],"version-history":[{"count":8,"href":"https:\/\/www.fjs1970.se\/index.php?rest_route=\/wp\/v2\/pages\/13339\/revisions"}],"predecessor-version":[{"id":13347,"href":"https:\/\/www.fjs1970.se\/index.php?rest_route=\/wp\/v2\/pages\/13339\/revisions\/13347"}],"up":[{"embeddable":true,"href":"https:\/\/www.fjs1970.se\/index.php?rest_route=\/wp\/v2\/pages\/311"}],"wp:attachment":[{"href":"https:\/\/www.fjs1970.se\/index.php?rest_route=%2Fwp%2Fv2%2Fmedia&parent=13339"}],"curies":[{"name":"wp","href":"https:\/\/api.w.org\/{rel}","templated":true}]}}