{"id":12993,"date":"2017-06-04T17:50:04","date_gmt":"2017-06-04T15:50:04","guid":{"rendered":"http:\/\/www.fjs1970.se\/?page_id=12993"},"modified":"2017-06-04T17:50:04","modified_gmt":"2017-06-04T15:50:04","slug":"fjs-dag-2016","status":"publish","type":"page","link":"https:\/\/www.fjs1970.se\/?page_id=12993","title":{"rendered":"FJS dag-2016"},"content":{"rendered":"<p><img loading=\"lazy\" decoding=\"async\" class=\"alignleft size-thumbnail wp-image-802\" src=\"http:\/\/www.fjs1970.se\/wp-content\/uploads\/2009\/12\/fjs_m601-150x105.jpg\" alt=\"\" width=\"150\" height=\"105\" \/><\/p>\n<p>&nbsp;<\/p>\n<p>&nbsp;<\/p>\n<p>&nbsp;<\/p>\n<p>&nbsp;<\/p>\n<p><span style=\"color: #ffcc99;\">.<\/span><\/p>\n<p><span style=\"color: #ffcc99;\">.<\/span><\/p>\n<div id=\"attachment_12861\" style=\"width: 753px\" class=\"wp-caption aligncenter\"><img loading=\"lazy\" decoding=\"async\" aria-describedby=\"caption-attachment-12861\" class=\"wp-image-12861\" src=\"http:\/\/www.fjs1970.se\/wp-content\/uploads\/2016\/09\/FJS-dag-2016-08-2_1200-807x1024.jpg\" alt=\"\" width=\"743\" height=\"943\" srcset=\"https:\/\/www.fjs1970.se\/wp-content\/uploads\/2016\/09\/FJS-dag-2016-08-2_1200-807x1024.jpg 807w, https:\/\/www.fjs1970.se\/wp-content\/uploads\/2016\/09\/FJS-dag-2016-08-2_1200-237x300.jpg 237w, https:\/\/www.fjs1970.se\/wp-content\/uploads\/2016\/09\/FJS-dag-2016-08-2_1200-768x974.jpg 768w, https:\/\/www.fjs1970.se\/wp-content\/uploads\/2016\/09\/FJS-dag-2016-08-2_1200.jpg 946w\" sizes=\"auto, (max-width: 743px) 100vw, 743px\" \/><p id=\"caption-attachment-12861\" class=\"wp-caption-text\">N\u00e4rvarande fr\u00e5n v\u00e5r \u00e5rskurs p\u00e5 FJS dag 2016 var 101 Bertil, 320 Cenneth och 136 Torkel<\/p><\/div>\n<p><span style=\"color: #ffcc99;\">.<\/span><\/p>\n<p><span style=\"color: #ffcc99;\">.<\/span><\/p>\n<h1 style=\"text-align: center;\">\u25ca<\/h1>\n<p>&nbsp;<\/p>\n<h1 style=\"text-align: center;\"><\/h1>\n","protected":false},"excerpt":{"rendered":"<p>&nbsp; &nbsp; &nbsp; &nbsp; . . . . \u25ca &nbsp;<\/p>\n","protected":false},"author":1,"featured_media":0,"parent":311,"menu_order":7,"comment_status":"closed","ping_status":"closed","template":"","meta":{"footnotes":""},"class_list":["post-12993","page","type-page","status-publish","hentry"],"_links":{"self":[{"href":"https:\/\/www.fjs1970.se\/index.php?rest_route=\/wp\/v2\/pages\/12993","targetHints":{"allow":["GET"]}}],"collection":[{"href":"https:\/\/www.fjs1970.se\/index.php?rest_route=\/wp\/v2\/pages"}],"about":[{"href":"https:\/\/www.fjs1970.se\/index.php?rest_route=\/wp\/v2\/types\/page"}],"author":[{"embeddable":true,"href":"https:\/\/www.fjs1970.se\/index.php?rest_route=\/wp\/v2\/users\/1"}],"replies":[{"embeddable":true,"href":"https:\/\/www.fjs1970.se\/index.php?rest_route=%2Fwp%2Fv2%2Fcomments&post=12993"}],"version-history":[{"count":17,"href":"https:\/\/www.fjs1970.se\/index.php?rest_route=\/wp\/v2\/pages\/12993\/revisions"}],"predecessor-version":[{"id":13010,"href":"https:\/\/www.fjs1970.se\/index.php?rest_route=\/wp\/v2\/pages\/12993\/revisions\/13010"}],"up":[{"embeddable":true,"href":"https:\/\/www.fjs1970.se\/index.php?rest_route=\/wp\/v2\/pages\/311"}],"wp:attachment":[{"href":"https:\/\/www.fjs1970.se\/index.php?rest_route=%2Fwp%2Fv2%2Fmedia&parent=12993"}],"curies":[{"name":"wp","href":"https:\/\/api.w.org\/{rel}","templated":true}]}}