{"id":12787,"date":"2016-03-29T09:29:32","date_gmt":"2016-03-29T07:29:32","guid":{"rendered":"http:\/\/www.fjs1970.se\/?page_id=12787"},"modified":"2016-03-29T09:29:32","modified_gmt":"2016-03-29T07:29:32","slug":"fjs-dag-2015","status":"publish","type":"page","link":"https:\/\/www.fjs1970.se\/?page_id=12787","title":{"rendered":"FJS-dag 2015"},"content":{"rendered":"<p><img loading=\"lazy\" decoding=\"async\" class=\"alignleft size-thumbnail wp-image-802\" src=\"http:\/\/www.fjs1970.se\/wp-content\/uploads\/2009\/12\/fjs_m601-150x105.jpg\" alt=\"m\u00e4rket \u00f6rnen\" width=\"150\" height=\"105\" \/><\/p>\n<p>&nbsp;<\/p>\n<p>&nbsp;<\/p>\n<p>&nbsp;<\/p>\n<p>&nbsp;<\/p>\n<div id=\"attachment_12629\" style=\"width: 808px\" class=\"wp-caption alignleft\"><img loading=\"lazy\" decoding=\"async\" aria-describedby=\"caption-attachment-12629\" class=\"wp-image-12629\" src=\"http:\/\/www.fjs1970.se\/wp-content\/uploads\/2015\/08\/DSCF9479-1-1024x830.jpg\" alt=\"DSCF9479 (1)\" width=\"798\" height=\"647\" srcset=\"https:\/\/www.fjs1970.se\/wp-content\/uploads\/2015\/08\/DSCF9479-1-1024x830.jpg 1024w, https:\/\/www.fjs1970.se\/wp-content\/uploads\/2015\/08\/DSCF9479-1-300x243.jpg 300w, https:\/\/www.fjs1970.se\/wp-content\/uploads\/2015\/08\/DSCF9479-1.jpg 1280w\" sizes=\"auto, (max-width: 798px) 100vw, 798px\" \/><p id=\"caption-attachment-12629\" class=\"wp-caption-text\">Deltagarna fr\u00e5n \u00e5rg\u00e5ng 1970\/71 samlade i L\u00e4gret. 302 Magnus Holmgren, 301 Leif Andersson, 141 Roland Rydqvist, 241 Kent Helgeson, 306 Bengt Sj\u00f6berg, 314 Jan Fogeby, 104 Thomas Liljehammar, 304 Lars Edgren, 101 Wildt-Persson, 320 Cenneth Eriksson och 136 Torkel S\u00f6derstr\u00f6m.<\/p><\/div>\n<p>&nbsp;<\/p>\n<p>&nbsp;<\/p>\n<p><span style=\"color: #ffcc99;\">.<\/span><\/p>\n<p><span style=\"color: #ffcc99;\">.<\/span><\/p>\n<h1 style=\"text-align: center;\">\u25ca<\/h1>\n","protected":false},"excerpt":{"rendered":"<p>&nbsp; &nbsp; &nbsp; &nbsp; &nbsp; &nbsp; . . \u25ca<\/p>\n","protected":false},"author":1,"featured_media":0,"parent":311,"menu_order":8,"comment_status":"closed","ping_status":"closed","template":"","meta":{"footnotes":""},"class_list":["post-12787","page","type-page","status-publish","hentry"],"_links":{"self":[{"href":"https:\/\/www.fjs1970.se\/index.php?rest_route=\/wp\/v2\/pages\/12787","targetHints":{"allow":["GET"]}}],"collection":[{"href":"https:\/\/www.fjs1970.se\/index.php?rest_route=\/wp\/v2\/pages"}],"about":[{"href":"https:\/\/www.fjs1970.se\/index.php?rest_route=\/wp\/v2\/types\/page"}],"author":[{"embeddable":true,"href":"https:\/\/www.fjs1970.se\/index.php?rest_route=\/wp\/v2\/users\/1"}],"replies":[{"embeddable":true,"href":"https:\/\/www.fjs1970.se\/index.php?rest_route=%2Fwp%2Fv2%2Fcomments&post=12787"}],"version-history":[{"count":15,"href":"https:\/\/www.fjs1970.se\/index.php?rest_route=\/wp\/v2\/pages\/12787\/revisions"}],"predecessor-version":[{"id":12802,"href":"https:\/\/www.fjs1970.se\/index.php?rest_route=\/wp\/v2\/pages\/12787\/revisions\/12802"}],"up":[{"embeddable":true,"href":"https:\/\/www.fjs1970.se\/index.php?rest_route=\/wp\/v2\/pages\/311"}],"wp:attachment":[{"href":"https:\/\/www.fjs1970.se\/index.php?rest_route=%2Fwp%2Fv2%2Fmedia&parent=12787"}],"curies":[{"name":"wp","href":"https:\/\/api.w.org\/{rel}","templated":true}]}}